{"id":4786,"date":"2022-09-28T15:49:57","date_gmt":"2022-09-28T08:49:57","guid":{"rendered":"https:\/\/rccgroup.vn\/railway-transportation\/"},"modified":"2022-09-28T15:49:57","modified_gmt":"2022-09-28T08:49:57","slug":"railway-transportation","status":"publish","type":"page","link":"https:\/\/rccgroup.vn\/en\/railway-transportation\/","title":{"rendered":"Railway transportation"},"content":{"rendered":"\t\t<div data-elementor-type=\"wp-page\" data-elementor-id=\"4786\" class=\"elementor elementor-4786 elementor-1475\">\n\t\t\t\t\t\t<div class=\"elementor-inner\">\n\t\t\t\t<div class=\"elementor-section-wrap\">\n\t\t\t\t\t\t\t\t\t<section class=\"elementor-section elementor-top-section elementor-element elementor-element-2e5c7b9 elementor-section-boxed elementor-section-height-default elementor-section-height-default\" data-id=\"2e5c7b9\" data-element_type=\"section\" data-settings=\"{&quot;background_background&quot;:&quot;classic&quot;}\">\n\t\t\t\t\t\t<div class=\"elementor-container elementor-column-gap-default\">\n\t\t\t\t\t\t\t<div class=\"elementor-row\">\n\t\t\t\t\t<div class=\"elementor-column elementor-col-100 elementor-top-column elementor-element elementor-element-747f606\" data-id=\"747f606\" data-element_type=\"column\">\n\t\t\t<div class=\"elementor-column-wrap elementor-element-populated\">\n\t\t\t\t\t\t\t<div class=\"elementor-widget-wrap\">\n\t\t\t\t\t\t<div class=\"elementor-element elementor-element-58c3c40 elementor-widget elementor-widget-heading\" data-id=\"58c3c40\" data-element_type=\"widget\" data-widget_type=\"heading.default\">\n\t\t\t\t<div class=\"elementor-widget-container\">\n\t\t\t<h1 class=\"elementor-heading-title elementor-size-default\">Railway transportation<\/h1>\t\t<\/div>\n\t\t\t\t<\/div>\n\t\t\t\t\t\t<\/div>\n\t\t\t\t\t<\/div>\n\t\t<\/div>\n\t\t\t\t\t\t\t\t<\/div>\n\t\t\t\t\t<\/div>\n\t\t<\/section>\n\t\t\t\t<section class=\"elementor-section elementor-top-section elementor-element elementor-element-f85e80f elementor-hidden-tablet elementor-hidden-mobile elementor-section-boxed elementor-section-height-default elementor-section-height-default\" data-id=\"f85e80f\" data-element_type=\"section\" data-settings=\"{&quot;background_background&quot;:&quot;classic&quot;}\">\n\t\t\t\t\t\t<div class=\"elementor-container elementor-column-gap-no\">\n\t\t\t\t\t\t\t<div class=\"elementor-row\">\n\t\t\t\t\t<div class=\"elementor-column elementor-col-100 elementor-top-column elementor-element elementor-element-708b848\" data-id=\"708b848\" data-element_type=\"column\">\n\t\t\t<div class=\"elementor-column-wrap elementor-element-populated\">\n\t\t\t\t\t\t\t<div class=\"elementor-widget-wrap\">\n\t\t\t\t\t\t<div class=\"elementor-element elementor-element-447ccb9 elementor-nav-menu__align-justify elementor-nav-menu--dropdown-none elementor-widget elementor-widget-nav-menu\" data-id=\"447ccb9\" data-element_type=\"widget\" data-settings=\"{&quot;submenu_icon&quot;:{&quot;value&quot;:&quot;&lt;i class=\\&quot;\\&quot;&gt;&lt;\\\/i&gt;&quot;,&quot;library&quot;:&quot;&quot;},&quot;layout&quot;:&quot;horizontal&quot;}\" data-widget_type=\"nav-menu.default\">\n\t\t\t\t<div class=\"elementor-widget-container\">\n\t\t\t\t\t\t<nav class=\"elementor-nav-menu--main elementor-nav-menu__container elementor-nav-menu--layout-horizontal e--pointer-background e--animation-fade\">\n\t\t\t\t<ul id=\"menu-1-447ccb9\" class=\"elementor-nav-menu\"><li class=\"menu-item menu-item-type-post_type menu-item-object-page menu-item-1499\"><a href=\"https:\/\/rccgroup.vn\/xay-dung-cong-trinh\/\" class=\"elementor-item\">Construction works<\/a><\/li>\n<li class=\"menu-item menu-item-type-post_type menu-item-object-page menu-item-1498\"><a href=\"https:\/\/rccgroup.vn\/san-xuat-cong-nghiep\/\" class=\"elementor-item\">Industrial production<\/a><\/li>\n<li class=\"menu-item menu-item-type-post_type menu-item-object-page menu-item-1497\"><a href=\"https:\/\/rccgroup.vn\/kinh-doanh-bat-dong-san\/\" class=\"elementor-item\">Real estate business<\/a><\/li>\n<li class=\"menu-item menu-item-type-post_type menu-item-object-page menu-item-3948\"><a href=\"https:\/\/rccgroup.vn\/dich-vu-luu-tru\/\" class=\"elementor-item\">Accommodation service<\/a><\/li>\n<li class=\"menu-item menu-item-type-post_type menu-item-object-page menu-item-1496\"><a href=\"https:\/\/rccgroup.vn\/van-tai-duong-sat\/\" class=\"elementor-item\">Railway transportation<\/a><\/li>\n<\/ul>\t\t\t<\/nav>\n\t\t\t\t\t\t<nav class=\"elementor-nav-menu--dropdown elementor-nav-menu__container\" aria-hidden=\"true\">\n\t\t\t\t<ul id=\"menu-2-447ccb9\" class=\"elementor-nav-menu\"><li class=\"menu-item menu-item-type-post_type menu-item-object-page menu-item-1499\"><a href=\"https:\/\/rccgroup.vn\/xay-dung-cong-trinh\/\" class=\"elementor-item\" tabindex=\"-1\">Construction works<\/a><\/li>\n<li class=\"menu-item menu-item-type-post_type menu-item-object-page menu-item-1498\"><a href=\"https:\/\/rccgroup.vn\/san-xuat-cong-nghiep\/\" class=\"elementor-item\" tabindex=\"-1\">Industrial production<\/a><\/li>\n<li class=\"menu-item menu-item-type-post_type menu-item-object-page menu-item-1497\"><a href=\"https:\/\/rccgroup.vn\/kinh-doanh-bat-dong-san\/\" class=\"elementor-item\" tabindex=\"-1\">Real estate business<\/a><\/li>\n<li class=\"menu-item menu-item-type-post_type menu-item-object-page menu-item-3948\"><a href=\"https:\/\/rccgroup.vn\/dich-vu-luu-tru\/\" class=\"elementor-item\" tabindex=\"-1\">Accommodation service<\/a><\/li>\n<li class=\"menu-item menu-item-type-post_type menu-item-object-page menu-item-1496\"><a href=\"https:\/\/rccgroup.vn\/van-tai-duong-sat\/\" class=\"elementor-item\" tabindex=\"-1\">Railway transportation<\/a><\/li>\n<\/ul>\t\t\t<\/nav>\n\t\t\t\t<\/div>\n\t\t\t\t<\/div>\n\t\t\t\t\t\t<\/div>\n\t\t\t\t\t<\/div>\n\t\t<\/div>\n\t\t\t\t\t\t\t\t<\/div>\n\t\t\t\t\t<\/div>\n\t\t<\/section>\n\t\t\t\t<section class=\"elementor-section elementor-top-section elementor-element elementor-element-b7bb12d elementor-section-boxed elementor-section-height-default elementor-section-height-default\" data-id=\"b7bb12d\" data-element_type=\"section\">\n\t\t\t\t\t\t<div class=\"elementor-container elementor-column-gap-default\">\n\t\t\t\t\t\t\t<div class=\"elementor-row\">\n\t\t\t\t\t<div class=\"elementor-column elementor-col-100 elementor-top-column elementor-element elementor-element-2561575\" data-id=\"2561575\" data-element_type=\"column\">\n\t\t\t<div class=\"elementor-column-wrap elementor-element-populated\">\n\t\t\t\t\t\t\t<div class=\"elementor-widget-wrap\">\n\t\t\t\t\t\t<div class=\"elementor-element elementor-element-8860141 elementor-widget elementor-widget-spacer\" data-id=\"8860141\" data-element_type=\"widget\" data-widget_type=\"spacer.default\">\n\t\t\t\t<div class=\"elementor-widget-container\">\n\t\t\t\t\t<div class=\"elementor-spacer\">\n\t\t\t<div class=\"elementor-spacer-inner\"><\/div>\n\t\t<\/div>\n\t\t\t\t<\/div>\n\t\t\t\t<\/div>\n\t\t\t\t\t\t<\/div>\n\t\t\t\t\t<\/div>\n\t\t<\/div>\n\t\t\t\t\t\t\t\t<\/div>\n\t\t\t\t\t<\/div>\n\t\t<\/section>\n\t\t\t\t<section class=\"elementor-section elementor-top-section elementor-element elementor-element-6bc18da elementor-section-boxed elementor-section-height-default elementor-section-height-default\" data-id=\"6bc18da\" data-element_type=\"section\">\n\t\t\t\t\t\t<div class=\"elementor-container elementor-column-gap-default\">\n\t\t\t\t\t\t\t<div class=\"elementor-row\">\n\t\t\t\t\t<div class=\"elementor-column elementor-col-50 elementor-top-column elementor-element elementor-element-1a3367d\" data-id=\"1a3367d\" data-element_type=\"column\">\n\t\t\t<div class=\"elementor-column-wrap elementor-element-populated\">\n\t\t\t\t\t\t\t<div class=\"elementor-widget-wrap\">\n\t\t\t\t\t\t<div class=\"elementor-element elementor-element-9a10b81 elementor-widget elementor-widget-text-editor\" data-id=\"9a10b81\" data-element_type=\"widget\" data-widget_type=\"text-editor.default\">\n\t\t\t\t<div class=\"elementor-widget-container\">\n\t\t\t\t\t\t\t\t<div class=\"elementor-text-editor elementor-clearfix\">\n\t\t\t\t<p>With the advantage of being a long-standing company in the railway industry, with many member companies based in cities and provinces throughout the country, the company realizes the advantages and potentials of logistics activities for some types of customers. specialty goods. The company plans to penetrate into the logistics industry, specifically the rail transport industry<\/p>\n\t\t\t\t\t<\/div>\n\t\t\t\t\t\t<\/div>\n\t\t\t\t<\/div>\n\t\t\t\t\t\t<\/div>\n\t\t\t\t\t<\/div>\n\t\t<\/div>\n\t\t\t\t<div class=\"elementor-column elementor-col-50 elementor-top-column elementor-element elementor-element-951f89c\" data-id=\"951f89c\" data-element_type=\"column\">\n\t\t\t<div class=\"elementor-column-wrap elementor-element-populated\">\n\t\t\t\t\t\t\t<div class=\"elementor-widget-wrap\">\n\t\t\t\t\t\t<div class=\"elementor-element elementor-element-b4cd095 elementor-widget elementor-widget-image\" data-id=\"b4cd095\" data-element_type=\"widget\" data-widget_type=\"image.default\">\n\t\t\t\t<div class=\"elementor-widget-container\">\n\t\t\t\t\t\t\t\t<div class=\"elementor-image\">\n\t\t\t\t\t\t\t\t\t\t\t\t<img decoding=\"async\" width=\"800\" height=\"630\" src=\"https:\/\/rccgroup.vn\/wp-content\/uploads\/2021\/11\/nganh-duong-sat-viet-nam-no-luc-doi-moi-de-phat-trien.jpg\" class=\"attachment-large size-large wp-image-3804\" alt=\"\" loading=\"lazy\" srcset=\"https:\/\/rccgroup.vn\/wp-content\/uploads\/2021\/11\/nganh-duong-sat-viet-nam-no-luc-doi-moi-de-phat-trien.jpg 1000w, https:\/\/rccgroup.vn\/wp-content\/uploads\/2021\/11\/nganh-duong-sat-viet-nam-no-luc-doi-moi-de-phat-trien-300x236.jpg 300w, https:\/\/rccgroup.vn\/wp-content\/uploads\/2021\/11\/nganh-duong-sat-viet-nam-no-luc-doi-moi-de-phat-trien-768x605.jpg 768w\" sizes=\"(max-width: 800px) 100vw, 800px\" \/>\t\t\t\t\t\t\t\t\t\t\t\t\t\t<\/div>\n\t\t\t\t\t\t<\/div>\n\t\t\t\t<\/div>\n\t\t\t\t\t\t<\/div>\n\t\t\t\t\t<\/div>\n\t\t<\/div>\n\t\t\t\t\t\t\t\t<\/div>\n\t\t\t\t\t<\/div>\n\t\t<\/section>\n\t\t\t\t<section class=\"elementor-section elementor-top-section elementor-element elementor-element-ab9234d elementor-section-full_width elementor-section-height-default elementor-section-height-default\" data-id=\"ab9234d\" data-element_type=\"section\">\n\t\t\t\t\t\t<div class=\"elementor-container elementor-column-gap-no\">\n\t\t\t\t\t\t\t<div class=\"elementor-row\">\n\t\t\t\t\t<div class=\"elementor-column elementor-col-100 elementor-top-column elementor-element elementor-element-11773bc\" data-id=\"11773bc\" data-element_type=\"column\">\n\t\t\t<div class=\"elementor-column-wrap elementor-element-populated\">\n\t\t\t\t\t\t\t<div class=\"elementor-widget-wrap\">\n\t\t\t\t\t\t<div class=\"elementor-element elementor-element-0630fb7 elementor-widget elementor-widget-shortcode\" data-id=\"0630fb7\" data-element_type=\"widget\" data-widget_type=\"shortcode.default\">\n\t\t\t\t<div class=\"elementor-widget-container\">\n\t\t\t\t\t<div class=\"elementor-shortcode\">\t\t<div data-elementor-type=\"section\" data-elementor-id=\"1461\" class=\"elementor elementor-1461\">\n\t\t\t\t\t<div class=\"elementor-section-wrap\">\n\t\t\t\t\t\t\t\t<section class=\"elementor-section elementor-top-section elementor-element elementor-element-88277b0 elementor-section-boxed elementor-section-height-default elementor-section-height-default\" data-id=\"88277b0\" data-element_type=\"section\" data-settings=\"{&quot;background_background&quot;:&quot;classic&quot;}\">\n\t\t\t\t\t\t<div class=\"elementor-container elementor-column-gap-default\">\n\t\t\t\t\t\t\t<div class=\"elementor-row\">\n\t\t\t\t\t<div class=\"elementor-column elementor-col-100 elementor-top-column elementor-element elementor-element-c15f43a\" data-id=\"c15f43a\" data-element_type=\"column\">\n\t\t\t<div class=\"elementor-column-wrap elementor-element-populated\">\n\t\t\t\t\t\t\t<div class=\"elementor-widget-wrap\">\n\t\t\t\t\t\t<div class=\"elementor-element elementor-element-20d5cad elementor-widget elementor-widget-heading\" data-id=\"20d5cad\" data-element_type=\"widget\" data-widget_type=\"heading.default\">\n\t\t\t\t<div class=\"elementor-widget-container\">\n\t\t\t<div class=\"elementor-heading-title elementor-size-default\">D\u1ef1 \u00e1n<\/div>\t\t<\/div>\n\t\t\t\t<\/div>\n\t\t\t\t<div class=\"elementor-element elementor-element-b74eaca elementor-grid-4 elementor-grid-tablet-2 elementor-grid-mobile-1 elementor-posts--thumbnail-top elementor-widget elementor-widget-posts\" data-id=\"b74eaca\" data-element_type=\"widget\" data-settings=\"{&quot;classic_columns&quot;:&quot;4&quot;,&quot;classic_columns_tablet&quot;:&quot;2&quot;,&quot;classic_columns_mobile&quot;:&quot;1&quot;,&quot;classic_row_gap&quot;:{&quot;unit&quot;:&quot;px&quot;,&quot;size&quot;:35,&quot;sizes&quot;:[]},&quot;classic_row_gap_tablet&quot;:{&quot;unit&quot;:&quot;px&quot;,&quot;size&quot;:&quot;&quot;,&quot;sizes&quot;:[]},&quot;classic_row_gap_mobile&quot;:{&quot;unit&quot;:&quot;px&quot;,&quot;size&quot;:&quot;&quot;,&quot;sizes&quot;:[]}}\" data-widget_type=\"posts.classic\">\n\t\t\t\t<div class=\"elementor-widget-container\">\n\t\t\t\t\t<div class=\"elementor-posts-container elementor-posts elementor-posts--skin-classic elementor-grid\">\n\t\t\t\t<article class=\"elementor-post elementor-grid-item post-1016 du-an type-du-an status-publish has-post-thumbnail hentry project-du-an-xay-dung location-phu-yen field-xay-dung-cong-trinh years-29\">\n\t\t\t\t<a class=\"elementor-post__thumbnail__link\" href=\"https:\/\/rccgroup.vn\/en\/du-an\/ham-baboneau\/\" >\n\t\t\t<div class=\"elementor-post__thumbnail\"><img decoding=\"async\" width=\"308\" height=\"452\" src=\"https:\/\/rccgroup.vn\/wp-content\/uploads\/2021\/10\/NoPath-Copy-23-1.jpg\" class=\"attachment-medium_large size-medium_large wp-image-1060\" alt=\"\" loading=\"lazy\" srcset=\"https:\/\/rccgroup.vn\/wp-content\/uploads\/2021\/10\/NoPath-Copy-23-1.jpg 308w, https:\/\/rccgroup.vn\/wp-content\/uploads\/2021\/10\/NoPath-Copy-23-1-204x300.jpg 204w\" sizes=\"(max-width: 308px) 100vw, 308px\" \/><\/div>\n\t\t<\/a>\n\t\t\t\t<div class=\"elementor-post__text\">\n\t\t\t\t<div class=\"elementor-post__title\">\n\t\t\t<a href=\"https:\/\/rccgroup.vn\/en\/du-an\/ham-baboneau\/\" >\n\t\t\t\tD\u1ef1 \u00e1n gia c\u1ed1 h\u1ea7m Baboneau &#8211; T\u1ec9nh Ph\u00fa Y\u00ean\t\t\t<\/a>\n\t\t<\/div>\n\t\t\n\t\t<a class=\"elementor-post__read-more\" href=\"https:\/\/rccgroup.vn\/en\/du-an\/ham-baboneau\/\" aria-label=\"Read more about D\u1ef1 \u00e1n gia c\u1ed1 h\u1ea7m Baboneau &#8211; T\u1ec9nh Ph\u00fa Y\u00ean\" >\n\t\t\tXEM CHI TI\u1ebeT <img decoding=\"async\" src=\"https:\/\/rccgroup.vn\/wp-content\/uploads\/2021\/10\/right-arrow-1.png\">\t\t<\/a>\n\n\t\t\t\t<\/div>\n\t\t\t\t<\/article>\n\t\t\t\t<article class=\"elementor-post elementor-grid-item post-1014 du-an type-du-an status-publish has-post-thumbnail hentry project-du-an-xay-dung location-ba-ria-vung-tau field-xay-dung-cong-trinh years-28\">\n\t\t\t\t<a class=\"elementor-post__thumbnail__link\" href=\"https:\/\/rccgroup.vn\/en\/du-an\/cau-rach-ong\/\" >\n\t\t\t<div class=\"elementor-post__thumbnail\"><img decoding=\"async\" width=\"306\" height=\"452\" src=\"https:\/\/rccgroup.vn\/wp-content\/uploads\/2021\/10\/NoPath-Copy-24-1.jpg\" class=\"attachment-medium_large size-medium_large wp-image-848\" alt=\"\" loading=\"lazy\" srcset=\"https:\/\/rccgroup.vn\/wp-content\/uploads\/2021\/10\/NoPath-Copy-24-1.jpg 306w, https:\/\/rccgroup.vn\/wp-content\/uploads\/2021\/10\/NoPath-Copy-24-1-203x300.jpg 203w\" sizes=\"(max-width: 306px) 100vw, 306px\" \/><\/div>\n\t\t<\/a>\n\t\t\t\t<div class=\"elementor-post__text\">\n\t\t\t\t<div class=\"elementor-post__title\">\n\t\t\t<a href=\"https:\/\/rccgroup.vn\/en\/du-an\/cau-rach-ong\/\" >\n\t\t\t\tD\u1ef1 \u00e1n thi c\u00f4ng x\u00e2y d\u1ef1ng c\u1ea7u R\u1ea1ch \u00d4ng &#8211; T\u1ec9nh B\u00e0 R\u1ecba &#8211; V\u0169ng T\u00e0u\t\t\t<\/a>\n\t\t<\/div>\n\t\t\n\t\t<a class=\"elementor-post__read-more\" href=\"https:\/\/rccgroup.vn\/en\/du-an\/cau-rach-ong\/\" aria-label=\"Read more about D\u1ef1 \u00e1n thi c\u00f4ng x\u00e2y d\u1ef1ng c\u1ea7u R\u1ea1ch \u00d4ng &#8211; T\u1ec9nh B\u00e0 R\u1ecba &#8211; V\u0169ng T\u00e0u\" >\n\t\t\tXEM CHI TI\u1ebeT <img decoding=\"async\" src=\"https:\/\/rccgroup.vn\/wp-content\/uploads\/2021\/10\/right-arrow-1.png\">\t\t<\/a>\n\n\t\t\t\t<\/div>\n\t\t\t\t<\/article>\n\t\t\t\t<article class=\"elementor-post elementor-grid-item post-1018 du-an type-du-an status-publish has-post-thumbnail hentry project-du-an-xay-dung location-dong-nai field-xay-dung-cong-trinh years-30\">\n\t\t\t\t<a class=\"elementor-post__thumbnail__link\" href=\"https:\/\/rccgroup.vn\/en\/du-an\/du-an-thanh-phan-dtxd-doan-phan-thiet-dau-giay\/\" >\n\t\t\t<div class=\"elementor-post__thumbnail\"><img decoding=\"async\" width=\"308\" height=\"452\" src=\"https:\/\/rccgroup.vn\/wp-content\/uploads\/2021\/10\/NoPath-Copy-16-1.jpg\" class=\"attachment-medium_large size-medium_large wp-image-1049\" alt=\"\" loading=\"lazy\" srcset=\"https:\/\/rccgroup.vn\/wp-content\/uploads\/2021\/10\/NoPath-Copy-16-1.jpg 308w, https:\/\/rccgroup.vn\/wp-content\/uploads\/2021\/10\/NoPath-Copy-16-1-204x300.jpg 204w\" sizes=\"(max-width: 308px) 100vw, 308px\" \/><\/div>\n\t\t<\/a>\n\t\t\t\t<div class=\"elementor-post__text\">\n\t\t\t\t<div class=\"elementor-post__title\">\n\t\t\t<a href=\"https:\/\/rccgroup.vn\/en\/du-an\/du-an-thanh-phan-dtxd-doan-phan-thiet-dau-giay\/\" >\n\t\t\t\tD\u1ef1 \u00e1n thi c\u00f4ng to\u00e0n b\u1ed9 k\u1ebft c\u1ea5u 06 c\u1ea7u \u0110TXD \u0111o\u1ea1n Phan Thi\u1ebft &#8211; D\u1ea7u Gi\u00e2y &#8211; T\u1ec9nh \u0110\u1ed3ng Nai\t\t\t<\/a>\n\t\t<\/div>\n\t\t\n\t\t<a class=\"elementor-post__read-more\" href=\"https:\/\/rccgroup.vn\/en\/du-an\/du-an-thanh-phan-dtxd-doan-phan-thiet-dau-giay\/\" aria-label=\"Read more about D\u1ef1 \u00e1n thi c\u00f4ng to\u00e0n b\u1ed9 k\u1ebft c\u1ea5u 06 c\u1ea7u \u0110TXD \u0111o\u1ea1n Phan Thi\u1ebft &#8211; D\u1ea7u Gi\u00e2y &#8211; T\u1ec9nh \u0110\u1ed3ng Nai\" >\n\t\t\tXEM CHI TI\u1ebeT <img decoding=\"async\" src=\"https:\/\/rccgroup.vn\/wp-content\/uploads\/2021\/10\/right-arrow-1.png\">\t\t<\/a>\n\n\t\t\t\t<\/div>\n\t\t\t\t<\/article>\n\t\t\t\t<article class=\"elementor-post elementor-grid-item post-2913 du-an type-du-an status-publish has-post-thumbnail hentry project-du-an-duong-sat location-thua-thien-hue location-quang-ngai field-san-xuat-cong-nghep years-29\">\n\t\t\t\t<a class=\"elementor-post__thumbnail__link\" href=\"https:\/\/rccgroup.vn\/en\/du-an\/13-cau\/\" >\n\t\t\t<div class=\"elementor-post__thumbnail\"><img decoding=\"async\" width=\"308\" height=\"452\" src=\"https:\/\/rccgroup.vn\/wp-content\/uploads\/2021\/10\/NoPath-Copy-19.jpg\" class=\"attachment-medium_large size-medium_large wp-image-1028\" alt=\"\" loading=\"lazy\" srcset=\"https:\/\/rccgroup.vn\/wp-content\/uploads\/2021\/10\/NoPath-Copy-19.jpg 308w, https:\/\/rccgroup.vn\/wp-content\/uploads\/2021\/10\/NoPath-Copy-19-204x300.jpg 204w\" sizes=\"(max-width: 308px) 100vw, 308px\" \/><\/div>\n\t\t<\/a>\n\t\t\t\t<div class=\"elementor-post__text\">\n\t\t\t\t<div class=\"elementor-post__title\">\n\t\t\t<a href=\"https:\/\/rccgroup.vn\/en\/du-an\/13-cau\/\" >\n\t\t\t\tD\u1ef1 \u00e1n thi c\u00f4ng 13 c\u1ea7u thu\u1ed9c \u0111\u1ecba ph\u1eadn t\u1eeb Th\u1eeba Thi\u00ean Hu\u1ebf (c\u1ea7u Km681+884) \u0111\u1ebfn Qu\u1ea3ng Ng\u00e3i (c\u1ea7u Km939+419)\t\t\t<\/a>\n\t\t<\/div>\n\t\t\n\t\t<a class=\"elementor-post__read-more\" href=\"https:\/\/rccgroup.vn\/en\/du-an\/13-cau\/\" aria-label=\"Read more about D\u1ef1 \u00e1n thi c\u00f4ng 13 c\u1ea7u thu\u1ed9c \u0111\u1ecba ph\u1eadn t\u1eeb Th\u1eeba Thi\u00ean Hu\u1ebf (c\u1ea7u Km681+884) \u0111\u1ebfn Qu\u1ea3ng Ng\u00e3i (c\u1ea7u Km939+419)\" >\n\t\t\tXEM CHI TI\u1ebeT <img decoding=\"async\" src=\"https:\/\/rccgroup.vn\/wp-content\/uploads\/2021\/10\/right-arrow-1.png\">\t\t<\/a>\n\n\t\t\t\t<\/div>\n\t\t\t\t<\/article>\n\t\t\t\t<\/div>\n\t\t\n\t\t\t\t<\/div>\n\t\t\t\t<\/div>\n\t\t\t\t\t\t<\/div>\n\t\t\t\t\t<\/div>\n\t\t<\/div>\n\t\t\t\t\t\t\t\t<\/div>\n\t\t\t\t\t<\/div>\n\t\t<\/section>\n\t\t\t\t\t\t\t<\/div>\n\t\t\t\t<\/div>\n\t\t<\/div>\n\t\t\t\t<\/div>\n\t\t\t\t<\/div>\n\t\t\t\t\t\t<\/div>\n\t\t\t\t\t<\/div>\n\t\t<\/div>\n\t\t\t\t\t\t\t\t<\/div>\n\t\t\t\t\t<\/div>\n\t\t<\/section>\n\t\t\t\t\t\t\t\t\t<\/div>\n\t\t\t<\/div>\n\t\t\t\t\t<\/div>\n\t\t","protected":false},"excerpt":{"rendered":"<p>Railway transportation With the advantage of being a long-standing company in the railway industry, with many member companies based in cities and provinces throughout the<\/p>\n","protected":false},"author":1,"featured_media":0,"parent":0,"menu_order":0,"comment_status":"closed","ping_status":"closed","template":"elementor_header_footer","meta":[],"acf":[],"yoast_head":"<!-- This site is optimized with the Yoast SEO plugin v20.8 - https:\/\/yoast.com\/wordpress\/plugins\/seo\/ -->\n<title>Railway transportation - RCC<\/title>\n<meta name=\"robots\" content=\"index, follow, max-snippet:-1, max-image-preview:large, max-video-preview:-1\" \/>\n<link rel=\"canonical\" href=\"https:\/\/rccgroup.vn\/en\/railway-transportation\/\" \/>\n<meta property=\"og:locale\" content=\"en_US\" \/>\n<meta property=\"og:type\" content=\"article\" \/>\n<meta property=\"og:title\" content=\"Railway transportation - RCC\" \/>\n<meta property=\"og:description\" content=\"Railway transportation With the advantage of being a long-standing company in the railway industry, with many member companies based in cities and provinces throughout the\" \/>\n<meta property=\"og:url\" content=\"https:\/\/rccgroup.vn\/en\/railway-transportation\/\" \/>\n<meta property=\"og:site_name\" content=\"RCC\" \/>\n<meta property=\"og:image\" content=\"https:\/\/rccgroup.vn\/wp-content\/uploads\/2021\/11\/nganh-duong-sat-viet-nam-no-luc-doi-moi-de-phat-trien.jpg\" \/>\n<meta name=\"twitter:card\" content=\"summary_large_image\" \/>\n<script type=\"application\/ld+json\" class=\"yoast-schema-graph\">{\"@context\":\"https:\/\/schema.org\",\"@graph\":[{\"@type\":\"WebPage\",\"@id\":\"https:\/\/rccgroup.vn\/en\/railway-transportation\/\",\"url\":\"https:\/\/rccgroup.vn\/en\/railway-transportation\/\",\"name\":\"Railway transportation - RCC\",\"isPartOf\":{\"@id\":\"https:\/\/rccgroup.vn\/#website\"},\"datePublished\":\"2022-09-28T08:49:57+00:00\",\"dateModified\":\"2022-09-28T08:49:57+00:00\",\"breadcrumb\":{\"@id\":\"https:\/\/rccgroup.vn\/en\/railway-transportation\/#breadcrumb\"},\"inLanguage\":\"en-US\",\"potentialAction\":[{\"@type\":\"ReadAction\",\"target\":[\"https:\/\/rccgroup.vn\/en\/railway-transportation\/\"]}]},{\"@type\":\"BreadcrumbList\",\"@id\":\"https:\/\/rccgroup.vn\/en\/railway-transportation\/#breadcrumb\",\"itemListElement\":[{\"@type\":\"ListItem\",\"position\":1,\"name\":\"Trang ch\u1ee7\",\"item\":\"https:\/\/rccgroup.vn\/en\/\"},{\"@type\":\"ListItem\",\"position\":2,\"name\":\"Railway transportation\"}]},{\"@type\":\"WebSite\",\"@id\":\"https:\/\/rccgroup.vn\/#website\",\"url\":\"https:\/\/rccgroup.vn\/\",\"name\":\"RCC\",\"description\":\"S\u1ed1 1 Vi\u1ec7t Nam v\u1ec1 C\u00f4ng tr\u00ecnh \u0110\u01b0\u1eddng s\u1eaft\",\"publisher\":{\"@id\":\"https:\/\/rccgroup.vn\/#organization\"},\"potentialAction\":[{\"@type\":\"SearchAction\",\"target\":{\"@type\":\"EntryPoint\",\"urlTemplate\":\"https:\/\/rccgroup.vn\/?s={search_term_string}\"},\"query-input\":\"required name=search_term_string\"}],\"inLanguage\":\"en-US\"},{\"@type\":\"Organization\",\"@id\":\"https:\/\/rccgroup.vn\/#organization\",\"name\":\"RCC\",\"url\":\"https:\/\/rccgroup.vn\/\",\"logo\":{\"@type\":\"ImageObject\",\"inLanguage\":\"en-US\",\"@id\":\"https:\/\/rccgroup.vn\/#\/schema\/logo\/image\/\",\"url\":\"https:\/\/rccgroup.vn\/wp-content\/uploads\/2021\/10\/logo.png\",\"contentUrl\":\"https:\/\/rccgroup.vn\/wp-content\/uploads\/2021\/10\/logo.png\",\"width\":156,\"height\":62,\"caption\":\"RCC\"},\"image\":{\"@id\":\"https:\/\/rccgroup.vn\/#\/schema\/logo\/image\/\"}}]}<\/script>\n<!-- \/ Yoast SEO plugin. -->","yoast_head_json":{"title":"Railway transportation - RCC","robots":{"index":"index","follow":"follow","max-snippet":"max-snippet:-1","max-image-preview":"max-image-preview:large","max-video-preview":"max-video-preview:-1"},"canonical":"https:\/\/rccgroup.vn\/en\/railway-transportation\/","og_locale":"en_US","og_type":"article","og_title":"Railway transportation - RCC","og_description":"Railway transportation With the advantage of being a long-standing company in the railway industry, with many member companies based in cities and provinces throughout the","og_url":"https:\/\/rccgroup.vn\/en\/railway-transportation\/","og_site_name":"RCC","og_image":[{"url":"https:\/\/rccgroup.vn\/wp-content\/uploads\/2021\/11\/nganh-duong-sat-viet-nam-no-luc-doi-moi-de-phat-trien.jpg"}],"twitter_card":"summary_large_image","schema":{"@context":"https:\/\/schema.org","@graph":[{"@type":"WebPage","@id":"https:\/\/rccgroup.vn\/en\/railway-transportation\/","url":"https:\/\/rccgroup.vn\/en\/railway-transportation\/","name":"Railway transportation - RCC","isPartOf":{"@id":"https:\/\/rccgroup.vn\/#website"},"datePublished":"2022-09-28T08:49:57+00:00","dateModified":"2022-09-28T08:49:57+00:00","breadcrumb":{"@id":"https:\/\/rccgroup.vn\/en\/railway-transportation\/#breadcrumb"},"inLanguage":"en-US","potentialAction":[{"@type":"ReadAction","target":["https:\/\/rccgroup.vn\/en\/railway-transportation\/"]}]},{"@type":"BreadcrumbList","@id":"https:\/\/rccgroup.vn\/en\/railway-transportation\/#breadcrumb","itemListElement":[{"@type":"ListItem","position":1,"name":"Trang ch\u1ee7","item":"https:\/\/rccgroup.vn\/en\/"},{"@type":"ListItem","position":2,"name":"Railway transportation"}]},{"@type":"WebSite","@id":"https:\/\/rccgroup.vn\/#website","url":"https:\/\/rccgroup.vn\/","name":"RCC","description":"S\u1ed1 1 Vi\u1ec7t Nam v\u1ec1 C\u00f4ng tr\u00ecnh \u0110\u01b0\u1eddng s\u1eaft","publisher":{"@id":"https:\/\/rccgroup.vn\/#organization"},"potentialAction":[{"@type":"SearchAction","target":{"@type":"EntryPoint","urlTemplate":"https:\/\/rccgroup.vn\/?s={search_term_string}"},"query-input":"required name=search_term_string"}],"inLanguage":"en-US"},{"@type":"Organization","@id":"https:\/\/rccgroup.vn\/#organization","name":"RCC","url":"https:\/\/rccgroup.vn\/","logo":{"@type":"ImageObject","inLanguage":"en-US","@id":"https:\/\/rccgroup.vn\/#\/schema\/logo\/image\/","url":"https:\/\/rccgroup.vn\/wp-content\/uploads\/2021\/10\/logo.png","contentUrl":"https:\/\/rccgroup.vn\/wp-content\/uploads\/2021\/10\/logo.png","width":156,"height":62,"caption":"RCC"},"image":{"@id":"https:\/\/rccgroup.vn\/#\/schema\/logo\/image\/"}}]}},"_links":{"self":[{"href":"https:\/\/rccgroup.vn\/en\/wp-json\/wp\/v2\/pages\/4786"}],"collection":[{"href":"https:\/\/rccgroup.vn\/en\/wp-json\/wp\/v2\/pages"}],"about":[{"href":"https:\/\/rccgroup.vn\/en\/wp-json\/wp\/v2\/types\/page"}],"author":[{"embeddable":true,"href":"https:\/\/rccgroup.vn\/en\/wp-json\/wp\/v2\/users\/1"}],"replies":[{"embeddable":true,"href":"https:\/\/rccgroup.vn\/en\/wp-json\/wp\/v2\/comments?post=4786"}],"version-history":[{"count":0,"href":"https:\/\/rccgroup.vn\/en\/wp-json\/wp\/v2\/pages\/4786\/revisions"}],"wp:attachment":[{"href":"https:\/\/rccgroup.vn\/en\/wp-json\/wp\/v2\/media?parent=4786"}],"curies":[{"name":"wp","href":"https:\/\/api.w.org\/{rel}","templated":true}]}}