{"id":4768,"date":"2022-09-28T15:19:01","date_gmt":"2022-09-28T08:19:01","guid":{"rendered":"https:\/\/rccgroup.vn\/real-estate-project\/"},"modified":"2022-09-28T15:19:01","modified_gmt":"2022-09-28T08:19:01","slug":"real-estate-project","status":"publish","type":"page","link":"https:\/\/rccgroup.vn\/en\/real-estate-project\/","title":{"rendered":"Real estate project"},"content":{"rendered":"\t\t<div data-elementor-type=\"wp-page\" data-elementor-id=\"4768\" class=\"elementor elementor-4768 elementor-2167\">\n\t\t\t\t\t\t<div class=\"elementor-inner\">\n\t\t\t\t<div class=\"elementor-section-wrap\">\n\t\t\t\t\t\t\t\t\t<section class=\"elementor-section elementor-top-section elementor-element elementor-element-1058d72 elementor-section-boxed elementor-section-height-default elementor-section-height-default\" data-id=\"1058d72\" data-element_type=\"section\" data-settings=\"{&quot;background_background&quot;:&quot;classic&quot;}\">\n\t\t\t\t\t\t<div class=\"elementor-container elementor-column-gap-no\">\n\t\t\t\t\t\t\t<div class=\"elementor-row\">\n\t\t\t\t\t<div class=\"elementor-column elementor-col-100 elementor-top-column elementor-element elementor-element-a48b2e7\" data-id=\"a48b2e7\" data-element_type=\"column\">\n\t\t\t<div class=\"elementor-column-wrap elementor-element-populated\">\n\t\t\t\t\t\t\t<div class=\"elementor-widget-wrap\">\n\t\t\t\t\t\t<div class=\"elementor-element elementor-element-6fa76bb elementor-widget elementor-widget-heading\" data-id=\"6fa76bb\" data-element_type=\"widget\" data-widget_type=\"heading.default\">\n\t\t\t\t<div class=\"elementor-widget-container\">\n\t\t\t<h1 class=\"elementor-heading-title elementor-size-default\">Projects<\/h1>\t\t<\/div>\n\t\t\t\t<\/div>\n\t\t\t\t\t\t<\/div>\n\t\t\t\t\t<\/div>\n\t\t<\/div>\n\t\t\t\t\t\t\t\t<\/div>\n\t\t\t\t\t<\/div>\n\t\t<\/section>\n\t\t\t\t<section class=\"elementor-section elementor-top-section elementor-element elementor-element-b99cd98 elementor-hidden-tablet elementor-hidden-mobile elementor-section-boxed elementor-section-height-default elementor-section-height-default\" data-id=\"b99cd98\" data-element_type=\"section\" data-settings=\"{&quot;background_background&quot;:&quot;classic&quot;}\">\n\t\t\t\t\t\t<div class=\"elementor-container elementor-column-gap-no\">\n\t\t\t\t\t\t\t<div class=\"elementor-row\">\n\t\t\t\t\t<div class=\"elementor-column elementor-col-100 elementor-top-column elementor-element elementor-element-22e8311\" data-id=\"22e8311\" data-element_type=\"column\">\n\t\t\t<div class=\"elementor-column-wrap elementor-element-populated\">\n\t\t\t\t\t\t\t<div class=\"elementor-widget-wrap\">\n\t\t\t\t\t\t<div class=\"elementor-element elementor-element-dd05188 elementor-nav-menu__align-justify elementor-nav-menu--dropdown-none elementor-widget elementor-widget-nav-menu\" data-id=\"dd05188\" data-element_type=\"widget\" data-settings=\"{&quot;submenu_icon&quot;:{&quot;value&quot;:&quot;&lt;i class=\\&quot;\\&quot;&gt;&lt;\\\/i&gt;&quot;,&quot;library&quot;:&quot;&quot;},&quot;layout&quot;:&quot;horizontal&quot;}\" data-widget_type=\"nav-menu.default\">\n\t\t\t\t<div class=\"elementor-widget-container\">\n\t\t\t\t\t\t<nav class=\"elementor-nav-menu--main elementor-nav-menu__container elementor-nav-menu--layout-horizontal e--pointer-background e--animation-fade\">\n\t\t\t\t<ul id=\"menu-1-dd05188\" class=\"elementor-nav-menu\"><li class=\"menu-item menu-item-type-post_type menu-item-object-page menu-item-2178\"><a href=\"https:\/\/rccgroup.vn\/du-an-rcc\/\" class=\"elementor-item\">Project<\/a><\/li>\n<li class=\"menu-item menu-item-type-post_type menu-item-object-page menu-item-2177\"><a href=\"https:\/\/rccgroup.vn\/du-an-xay-dung\/\" class=\"elementor-item\">Highway construction<\/a><\/li>\n<li class=\"menu-item menu-item-type-post_type menu-item-object-page menu-item-2176\"><a href=\"https:\/\/rccgroup.vn\/du-an-bat-dong-san\/\" class=\"elementor-item\">Real estate project<\/a><\/li>\n<\/ul>\t\t\t<\/nav>\n\t\t\t\t\t\t<nav class=\"elementor-nav-menu--dropdown elementor-nav-menu__container\" aria-hidden=\"true\">\n\t\t\t\t<ul id=\"menu-2-dd05188\" class=\"elementor-nav-menu\"><li class=\"menu-item menu-item-type-post_type menu-item-object-page menu-item-2178\"><a href=\"https:\/\/rccgroup.vn\/du-an-rcc\/\" class=\"elementor-item\" tabindex=\"-1\">Project<\/a><\/li>\n<li class=\"menu-item menu-item-type-post_type menu-item-object-page menu-item-2177\"><a href=\"https:\/\/rccgroup.vn\/du-an-xay-dung\/\" class=\"elementor-item\" tabindex=\"-1\">Highway construction<\/a><\/li>\n<li class=\"menu-item menu-item-type-post_type menu-item-object-page menu-item-2176\"><a href=\"https:\/\/rccgroup.vn\/du-an-bat-dong-san\/\" class=\"elementor-item\" tabindex=\"-1\">Real estate project<\/a><\/li>\n<\/ul>\t\t\t<\/nav>\n\t\t\t\t<\/div>\n\t\t\t\t<\/div>\n\t\t\t\t\t\t<\/div>\n\t\t\t\t\t<\/div>\n\t\t<\/div>\n\t\t\t\t\t\t\t\t<\/div>\n\t\t\t\t\t<\/div>\n\t\t<\/section>\n\t\t\t\t<section class=\"elementor-section elementor-top-section elementor-element elementor-element-70d94f7 elementor-section-boxed elementor-section-height-default elementor-section-height-default\" data-id=\"70d94f7\" data-element_type=\"section\">\n\t\t\t\t\t\t<div class=\"elementor-container elementor-column-gap-default\">\n\t\t\t\t\t\t\t<div class=\"elementor-row\">\n\t\t\t\t\t<div class=\"elementor-column elementor-col-100 elementor-top-column elementor-element elementor-element-8ac241d\" data-id=\"8ac241d\" data-element_type=\"column\">\n\t\t\t<div class=\"elementor-column-wrap elementor-element-populated\">\n\t\t\t\t\t\t\t<div class=\"elementor-widget-wrap\">\n\t\t\t\t\t\t<div class=\"elementor-element elementor-element-e264143 elementor-widget elementor-widget-saokim-projects-filter\" data-id=\"e264143\" data-element_type=\"widget\" data-widget_type=\"saokim-projects-filter.default\">\n\t\t\t\t<div class=\"elementor-widget-container\">\n\t\t\t\n            <div class=\"sk-projects-filter\">\n                <div class=\"sk-projects-slider-wrap\">\n                    <div class=\"heading\">\n                        <h3>Project display<\/h3>\n                        <form class=\"form-sort-project\" action=\"https:\/\/rccgroup.vn\/en\/real-estate-project\/\" method=\"get\">\n                            <div class=\"sk-row\">\n                                <div class=\"sk-col sk-col-4\">\n                                    <div class=\"field-select\">\n                                        <select class=\"sk-select2\" name=\"sort-location\">\n                                            <option value=\"\"  selected='selected'>By location<\/option>\n                                                                                            <option value=\"60\" >Ph\u00fa Y\u00ean<\/option>\n                                                                                            <option value=\"61\" >B\u00ecnh Thu\u1eadn<\/option>\n                                                                                            <option value=\"62\" >\u0110\u1ed3ng Nai<\/option>\n                                                                                            <option value=\"25\" >H\u00e0 N\u1ed9i<\/option>\n                                                                                            <option value=\"26\" >H\u1ed3 Ch\u00ed Minh<\/option>\n                                                                                            <option value=\"27\" >Ngh\u1ec7 An<\/option>\n                                                                                            <option value=\"55\" >Th\u1eeba Thi\u00ean Hu\u1ebf<\/option>\n                                                                                            <option value=\"57\" >Qu\u1ea3ng Ng\u00e3i<\/option>\n                                                                                            <option value=\"58\" >B\u00e0 R\u1ecba - V\u0169ng T\u00e0u<\/option>\n                                                                                            <option value=\"59\" >Qu\u1ea3ng Tr\u1ecb<\/option>\n                                                                                    <\/select>\n                                    <\/div>\n                                <\/div>\n                                <div class=\"sk-col sk-col-4\">\n                                    <div class=\"field-select\">\n                                        <select class=\"sk-select2\" name=\"sort-year\">\n                                            <option value=\"\"  selected='selected'>By year<\/option>\n                                                                                            <option value=\"28\" >2019<\/option>\n                                                                                            <option value=\"29\" >2020<\/option>\n                                                                                            <option value=\"30\" >2021<\/option>\n                                                                                            <option value=\"54\" >2011<\/option>\n                                                                                            <option value=\"56\" >2017<\/option>\n                                                                                    <\/select>\n                                    <\/div>\n                                <\/div>\n                                <div class=\"sk-col sk-col-4\">\n                                    <div class=\"field-select\">\n                                        <select class=\"sk-select2\" name=\"sort-field\">\n                                            <option value=\"\"  selected='selected'>By field<\/option>\n                                                                                            <option value=\"39\" >C\u00f4ng tr\u00ecnh \u0111\u01b0\u1eddng s\u1eaft<\/option>\n                                                                                            <option value=\"32\" >C\u00f4ng tr\u00ecnh \u0111\u01b0\u1eddng b\u1ed9<\/option>\n                                                                                            <option value=\"33\" >D\u1ef1 \u00e1n b\u1ea5t \u0111\u1ed9ng s\u1ea3n<\/option>\n                                                                                    <\/select>\n                                    <\/div>\n                                <\/div>\n                            <\/div>\n                            <div class=\"field-submit\"><button class=\"project-submit-form\">Filter projects<\/button><\/div>\n                        <\/form>\n                    <\/div>\n                    <div class=\"sk-content-wrap-loadmore\"\n                         data-title-tag=\"h3\"\n                         data-limit=\"7\"\n                         data-order=\"DESC\"\n                         data-orderby=\"id\"\n                         data-cat=\"\"\n                         data-scope=\"\"\n                         data-scope=\"\"\n                         data-text-more=\"Xem chi ti\u1ebft\"\n                         data-col=\"3\">\n                        <div class=\"list-items\">\n                                                            <div class=\"sk-project-notification\">\n                                    Ch\u01b0a c\u00f3 c\u00f4ng tr\u00ecnh - d\u1ef1 \u00e1n n\u00e0o trong ph\u1ea7n l\u1ecdc c\u1ee7a b\u1ea1n. Vui l\u00f2ng ch\u1ecdn l\u1ea1i b\u1ed9 l\u1ecdc \u0111\u1ec3 t\u00ecm th\u00eam c\u00f4ng tr\u00ecnh - d\u1ef1 \u00e1n kh\u00e1c.                                <\/div>\n                                                    <\/div>\n                        <div class=\"pagination\">\n                                                    <\/div>\n                    <\/div>\n                <\/div>\n            <\/div>\n        \t\t<\/div>\n\t\t\t\t<\/div>\n\t\t\t\t\t\t<\/div>\n\t\t\t\t\t<\/div>\n\t\t<\/div>\n\t\t\t\t\t\t\t\t<\/div>\n\t\t\t\t\t<\/div>\n\t\t<\/section>\n\t\t\t\t\t\t\t\t\t<\/div>\n\t\t\t<\/div>\n\t\t\t\t\t<\/div>\n\t\t","protected":false},"excerpt":{"rendered":"<p>Projects Hi\u1ec3n th\u1ecb d\u1ef1 \u00e1n Theo v\u1ecb tr\u00edH\u00e0 N\u1ed9iH\u1ed3 Ch\u00ed MinhNgh\u1ec7 AnTh\u1eeba Thi\u00ean Hu\u1ebfQu\u1ea3ng Ng\u00e3iB\u00e0 R\u1ecba &#8211; V\u0169ng T\u00e0uQu\u1ea3ng Tr\u1ecbPh\u00fa Y\u00eanB\u00ecnh Thu\u1eadn\u0110\u1ed3ng Nai Theo n\u0103m20192020202120112017 Theo l\u0129nh v\u1ef1cC\u00f4ng tr\u00ecnh \u0111\u01b0\u1eddng s\u1eaftC\u00f4ng tr\u00ecnh \u0111\u01b0\u1eddng b\u1ed9D\u1ef1 \u00e1n b\u1ea5t \u0111\u1ed9ng s\u1ea3n L\u1ecdc d\u1ef1 \u00e1n Ch\u01b0a c\u00f3 c\u00f4ng tr\u00ecnh &#8211; d\u1ef1 \u00e1n n\u00e0o trong ph\u1ea7n l\u1ecdc c\u1ee7a b\u1ea1n. Vui [&hellip;]<\/p>\n","protected":false},"author":1,"featured_media":0,"parent":0,"menu_order":0,"comment_status":"closed","ping_status":"closed","template":"elementor_header_footer","meta":[],"acf":[],"yoast_head":"<!-- This site is optimized with the Yoast SEO plugin v20.8 - https:\/\/yoast.com\/wordpress\/plugins\/seo\/ -->\n<title>Real estate project - RCC<\/title>\n<meta name=\"robots\" content=\"index, follow, max-snippet:-1, max-image-preview:large, max-video-preview:-1\" \/>\n<link rel=\"canonical\" href=\"https:\/\/rccgroup.vn\/en\/real-estate-project\/\" \/>\n<meta property=\"og:locale\" content=\"en_US\" \/>\n<meta property=\"og:type\" content=\"article\" \/>\n<meta property=\"og:title\" content=\"Real estate project - RCC\" \/>\n<meta property=\"og:description\" content=\"Projects Hi\u1ec3n th\u1ecb d\u1ef1 \u00e1n Theo v\u1ecb tr\u00edH\u00e0 N\u1ed9iH\u1ed3 Ch\u00ed MinhNgh\u1ec7 AnTh\u1eeba Thi\u00ean Hu\u1ebfQu\u1ea3ng Ng\u00e3iB\u00e0 R\u1ecba &#8211; V\u0169ng T\u00e0uQu\u1ea3ng Tr\u1ecbPh\u00fa Y\u00eanB\u00ecnh Thu\u1eadn\u0110\u1ed3ng Nai Theo n\u0103m20192020202120112017 Theo l\u0129nh v\u1ef1cC\u00f4ng tr\u00ecnh \u0111\u01b0\u1eddng s\u1eaftC\u00f4ng tr\u00ecnh \u0111\u01b0\u1eddng b\u1ed9D\u1ef1 \u00e1n b\u1ea5t \u0111\u1ed9ng s\u1ea3n L\u1ecdc d\u1ef1 \u00e1n Ch\u01b0a c\u00f3 c\u00f4ng tr\u00ecnh &#8211; d\u1ef1 \u00e1n n\u00e0o trong ph\u1ea7n l\u1ecdc c\u1ee7a b\u1ea1n. Vui [&hellip;]\" \/>\n<meta property=\"og:url\" content=\"https:\/\/rccgroup.vn\/en\/real-estate-project\/\" \/>\n<meta property=\"og:site_name\" content=\"RCC\" \/>\n<meta property=\"og:image\" content=\"https:\/\/rccgroup.vn\/wp-content\/uploads\/2021\/10\/logo.png\" \/>\n\t<meta property=\"og:image:width\" content=\"156\" \/>\n\t<meta property=\"og:image:height\" content=\"62\" \/>\n\t<meta property=\"og:image:type\" content=\"image\/png\" \/>\n<meta name=\"twitter:card\" content=\"summary_large_image\" \/>\n<meta name=\"twitter:label1\" content=\"Est. reading time\" \/>\n\t<meta name=\"twitter:data1\" content=\"1 minute\" \/>\n<script type=\"application\/ld+json\" class=\"yoast-schema-graph\">{\"@context\":\"https:\/\/schema.org\",\"@graph\":[{\"@type\":\"WebPage\",\"@id\":\"https:\/\/rccgroup.vn\/en\/real-estate-project\/\",\"url\":\"https:\/\/rccgroup.vn\/en\/real-estate-project\/\",\"name\":\"Real estate project - RCC\",\"isPartOf\":{\"@id\":\"https:\/\/rccgroup.vn\/#website\"},\"datePublished\":\"2022-09-28T08:19:01+00:00\",\"dateModified\":\"2022-09-28T08:19:01+00:00\",\"breadcrumb\":{\"@id\":\"https:\/\/rccgroup.vn\/en\/real-estate-project\/#breadcrumb\"},\"inLanguage\":\"en-US\",\"potentialAction\":[{\"@type\":\"ReadAction\",\"target\":[\"https:\/\/rccgroup.vn\/en\/real-estate-project\/\"]}]},{\"@type\":\"BreadcrumbList\",\"@id\":\"https:\/\/rccgroup.vn\/en\/real-estate-project\/#breadcrumb\",\"itemListElement\":[{\"@type\":\"ListItem\",\"position\":1,\"name\":\"Trang ch\u1ee7\",\"item\":\"https:\/\/rccgroup.vn\/en\/\"},{\"@type\":\"ListItem\",\"position\":2,\"name\":\"Real estate project\"}]},{\"@type\":\"WebSite\",\"@id\":\"https:\/\/rccgroup.vn\/#website\",\"url\":\"https:\/\/rccgroup.vn\/\",\"name\":\"RCC\",\"description\":\"S\u1ed1 1 Vi\u1ec7t Nam v\u1ec1 C\u00f4ng tr\u00ecnh \u0110\u01b0\u1eddng s\u1eaft\",\"publisher\":{\"@id\":\"https:\/\/rccgroup.vn\/#organization\"},\"potentialAction\":[{\"@type\":\"SearchAction\",\"target\":{\"@type\":\"EntryPoint\",\"urlTemplate\":\"https:\/\/rccgroup.vn\/?s={search_term_string}\"},\"query-input\":\"required name=search_term_string\"}],\"inLanguage\":\"en-US\"},{\"@type\":\"Organization\",\"@id\":\"https:\/\/rccgroup.vn\/#organization\",\"name\":\"RCC\",\"url\":\"https:\/\/rccgroup.vn\/\",\"logo\":{\"@type\":\"ImageObject\",\"inLanguage\":\"en-US\",\"@id\":\"https:\/\/rccgroup.vn\/#\/schema\/logo\/image\/\",\"url\":\"https:\/\/rccgroup.vn\/wp-content\/uploads\/2021\/10\/logo.png\",\"contentUrl\":\"https:\/\/rccgroup.vn\/wp-content\/uploads\/2021\/10\/logo.png\",\"width\":156,\"height\":62,\"caption\":\"RCC\"},\"image\":{\"@id\":\"https:\/\/rccgroup.vn\/#\/schema\/logo\/image\/\"}}]}<\/script>\n<!-- \/ Yoast SEO plugin. -->","yoast_head_json":{"title":"Real estate project - RCC","robots":{"index":"index","follow":"follow","max-snippet":"max-snippet:-1","max-image-preview":"max-image-preview:large","max-video-preview":"max-video-preview:-1"},"canonical":"https:\/\/rccgroup.vn\/en\/real-estate-project\/","og_locale":"en_US","og_type":"article","og_title":"Real estate project - RCC","og_description":"Projects Hi\u1ec3n th\u1ecb d\u1ef1 \u00e1n Theo v\u1ecb tr\u00edH\u00e0 N\u1ed9iH\u1ed3 Ch\u00ed MinhNgh\u1ec7 AnTh\u1eeba Thi\u00ean Hu\u1ebfQu\u1ea3ng Ng\u00e3iB\u00e0 R\u1ecba &#8211; V\u0169ng T\u00e0uQu\u1ea3ng Tr\u1ecbPh\u00fa Y\u00eanB\u00ecnh Thu\u1eadn\u0110\u1ed3ng Nai Theo n\u0103m20192020202120112017 Theo l\u0129nh v\u1ef1cC\u00f4ng tr\u00ecnh \u0111\u01b0\u1eddng s\u1eaftC\u00f4ng tr\u00ecnh \u0111\u01b0\u1eddng b\u1ed9D\u1ef1 \u00e1n b\u1ea5t \u0111\u1ed9ng s\u1ea3n L\u1ecdc d\u1ef1 \u00e1n Ch\u01b0a c\u00f3 c\u00f4ng tr\u00ecnh &#8211; d\u1ef1 \u00e1n n\u00e0o trong ph\u1ea7n l\u1ecdc c\u1ee7a b\u1ea1n. Vui [&hellip;]","og_url":"https:\/\/rccgroup.vn\/en\/real-estate-project\/","og_site_name":"RCC","og_image":[{"width":156,"height":62,"url":"https:\/\/rccgroup.vn\/wp-content\/uploads\/2021\/10\/logo.png","type":"image\/png"}],"twitter_card":"summary_large_image","twitter_misc":{"Est. reading time":"1 minute"},"schema":{"@context":"https:\/\/schema.org","@graph":[{"@type":"WebPage","@id":"https:\/\/rccgroup.vn\/en\/real-estate-project\/","url":"https:\/\/rccgroup.vn\/en\/real-estate-project\/","name":"Real estate project - RCC","isPartOf":{"@id":"https:\/\/rccgroup.vn\/#website"},"datePublished":"2022-09-28T08:19:01+00:00","dateModified":"2022-09-28T08:19:01+00:00","breadcrumb":{"@id":"https:\/\/rccgroup.vn\/en\/real-estate-project\/#breadcrumb"},"inLanguage":"en-US","potentialAction":[{"@type":"ReadAction","target":["https:\/\/rccgroup.vn\/en\/real-estate-project\/"]}]},{"@type":"BreadcrumbList","@id":"https:\/\/rccgroup.vn\/en\/real-estate-project\/#breadcrumb","itemListElement":[{"@type":"ListItem","position":1,"name":"Trang ch\u1ee7","item":"https:\/\/rccgroup.vn\/en\/"},{"@type":"ListItem","position":2,"name":"Real estate project"}]},{"@type":"WebSite","@id":"https:\/\/rccgroup.vn\/#website","url":"https:\/\/rccgroup.vn\/","name":"RCC","description":"S\u1ed1 1 Vi\u1ec7t Nam v\u1ec1 C\u00f4ng tr\u00ecnh \u0110\u01b0\u1eddng s\u1eaft","publisher":{"@id":"https:\/\/rccgroup.vn\/#organization"},"potentialAction":[{"@type":"SearchAction","target":{"@type":"EntryPoint","urlTemplate":"https:\/\/rccgroup.vn\/?s={search_term_string}"},"query-input":"required name=search_term_string"}],"inLanguage":"en-US"},{"@type":"Organization","@id":"https:\/\/rccgroup.vn\/#organization","name":"RCC","url":"https:\/\/rccgroup.vn\/","logo":{"@type":"ImageObject","inLanguage":"en-US","@id":"https:\/\/rccgroup.vn\/#\/schema\/logo\/image\/","url":"https:\/\/rccgroup.vn\/wp-content\/uploads\/2021\/10\/logo.png","contentUrl":"https:\/\/rccgroup.vn\/wp-content\/uploads\/2021\/10\/logo.png","width":156,"height":62,"caption":"RCC"},"image":{"@id":"https:\/\/rccgroup.vn\/#\/schema\/logo\/image\/"}}]}},"_links":{"self":[{"href":"https:\/\/rccgroup.vn\/en\/wp-json\/wp\/v2\/pages\/4768"}],"collection":[{"href":"https:\/\/rccgroup.vn\/en\/wp-json\/wp\/v2\/pages"}],"about":[{"href":"https:\/\/rccgroup.vn\/en\/wp-json\/wp\/v2\/types\/page"}],"author":[{"embeddable":true,"href":"https:\/\/rccgroup.vn\/en\/wp-json\/wp\/v2\/users\/1"}],"replies":[{"embeddable":true,"href":"https:\/\/rccgroup.vn\/en\/wp-json\/wp\/v2\/comments?post=4768"}],"version-history":[{"count":0,"href":"https:\/\/rccgroup.vn\/en\/wp-json\/wp\/v2\/pages\/4768\/revisions"}],"wp:attachment":[{"href":"https:\/\/rccgroup.vn\/en\/wp-json\/wp\/v2\/media?parent=4768"}],"curies":[{"name":"wp","href":"https:\/\/api.w.org\/{rel}","templated":true}]}}