{"id":4764,"date":"2022-09-28T15:17:06","date_gmt":"2022-09-28T08:17:06","guid":{"rendered":"https:\/\/rccgroup.vn\/real-estate-business\/"},"modified":"2022-09-28T15:17:07","modified_gmt":"2022-09-28T08:17:07","slug":"real-estate-business","status":"publish","type":"page","link":"https:\/\/rccgroup.vn\/en\/real-estate-business\/","title":{"rendered":"Real estate business"},"content":{"rendered":"\t\t<div data-elementor-type=\"wp-page\" data-elementor-id=\"4764\" class=\"elementor elementor-4764 elementor-1474\">\n\t\t\t\t\t\t<div class=\"elementor-inner\">\n\t\t\t\t<div class=\"elementor-section-wrap\">\n\t\t\t\t\t\t\t\t\t<section class=\"elementor-section elementor-top-section elementor-element elementor-element-d0dd5da elementor-section-boxed elementor-section-height-default elementor-section-height-default\" data-id=\"d0dd5da\" data-element_type=\"section\" data-settings=\"{&quot;background_background&quot;:&quot;classic&quot;}\">\n\t\t\t\t\t\t<div class=\"elementor-container elementor-column-gap-default\">\n\t\t\t\t\t\t\t<div class=\"elementor-row\">\n\t\t\t\t\t<div class=\"elementor-column elementor-col-100 elementor-top-column elementor-element elementor-element-4adbba2\" data-id=\"4adbba2\" data-element_type=\"column\">\n\t\t\t<div class=\"elementor-column-wrap elementor-element-populated\">\n\t\t\t\t\t\t\t<div class=\"elementor-widget-wrap\">\n\t\t\t\t\t\t<div class=\"elementor-element elementor-element-90bde61 elementor-widget elementor-widget-heading\" data-id=\"90bde61\" data-element_type=\"widget\" data-widget_type=\"heading.default\">\n\t\t\t\t<div class=\"elementor-widget-container\">\n\t\t\t<h1 class=\"elementor-heading-title elementor-size-default\">Real estate business<\/h1>\t\t<\/div>\n\t\t\t\t<\/div>\n\t\t\t\t\t\t<\/div>\n\t\t\t\t\t<\/div>\n\t\t<\/div>\n\t\t\t\t\t\t\t\t<\/div>\n\t\t\t\t\t<\/div>\n\t\t<\/section>\n\t\t\t\t<section class=\"elementor-section elementor-top-section elementor-element elementor-element-f85e80f elementor-hidden-tablet elementor-hidden-mobile elementor-section-boxed elementor-section-height-default elementor-section-height-default\" data-id=\"f85e80f\" data-element_type=\"section\" data-settings=\"{&quot;background_background&quot;:&quot;classic&quot;}\">\n\t\t\t\t\t\t<div class=\"elementor-container elementor-column-gap-no\">\n\t\t\t\t\t\t\t<div class=\"elementor-row\">\n\t\t\t\t\t<div class=\"elementor-column elementor-col-100 elementor-top-column elementor-element elementor-element-708b848\" data-id=\"708b848\" data-element_type=\"column\">\n\t\t\t<div class=\"elementor-column-wrap elementor-element-populated\">\n\t\t\t\t\t\t\t<div class=\"elementor-widget-wrap\">\n\t\t\t\t\t\t<div class=\"elementor-element elementor-element-447ccb9 elementor-nav-menu__align-justify elementor-nav-menu--dropdown-none elementor-widget elementor-widget-nav-menu\" data-id=\"447ccb9\" data-element_type=\"widget\" data-settings=\"{&quot;submenu_icon&quot;:{&quot;value&quot;:&quot;&lt;i class=\\&quot;\\&quot;&gt;&lt;\\\/i&gt;&quot;,&quot;library&quot;:&quot;&quot;},&quot;layout&quot;:&quot;horizontal&quot;}\" data-widget_type=\"nav-menu.default\">\n\t\t\t\t<div class=\"elementor-widget-container\">\n\t\t\t\t\t\t<nav class=\"elementor-nav-menu--main elementor-nav-menu__container elementor-nav-menu--layout-horizontal e--pointer-background e--animation-fade\">\n\t\t\t\t<ul id=\"menu-1-447ccb9\" class=\"elementor-nav-menu\"><li class=\"menu-item menu-item-type-post_type menu-item-object-page menu-item-1499\"><a href=\"https:\/\/rccgroup.vn\/xay-dung-cong-trinh\/\" class=\"elementor-item\">Construction works<\/a><\/li>\n<li class=\"menu-item menu-item-type-post_type menu-item-object-page menu-item-1498\"><a href=\"https:\/\/rccgroup.vn\/san-xuat-cong-nghiep\/\" class=\"elementor-item\">Industrial production<\/a><\/li>\n<li class=\"menu-item menu-item-type-post_type menu-item-object-page menu-item-1497\"><a href=\"https:\/\/rccgroup.vn\/kinh-doanh-bat-dong-san\/\" class=\"elementor-item\">Real estate business<\/a><\/li>\n<li class=\"menu-item menu-item-type-post_type menu-item-object-page menu-item-3948\"><a href=\"https:\/\/rccgroup.vn\/dich-vu-luu-tru\/\" class=\"elementor-item\">Accommodation service<\/a><\/li>\n<li class=\"menu-item menu-item-type-post_type menu-item-object-page menu-item-1496\"><a href=\"https:\/\/rccgroup.vn\/van-tai-duong-sat\/\" class=\"elementor-item\">Railway transportation<\/a><\/li>\n<\/ul>\t\t\t<\/nav>\n\t\t\t\t\t\t<nav class=\"elementor-nav-menu--dropdown elementor-nav-menu__container\" aria-hidden=\"true\">\n\t\t\t\t<ul id=\"menu-2-447ccb9\" class=\"elementor-nav-menu\"><li class=\"menu-item menu-item-type-post_type menu-item-object-page menu-item-1499\"><a href=\"https:\/\/rccgroup.vn\/xay-dung-cong-trinh\/\" class=\"elementor-item\" tabindex=\"-1\">Construction works<\/a><\/li>\n<li class=\"menu-item menu-item-type-post_type menu-item-object-page menu-item-1498\"><a href=\"https:\/\/rccgroup.vn\/san-xuat-cong-nghiep\/\" class=\"elementor-item\" tabindex=\"-1\">Industrial production<\/a><\/li>\n<li class=\"menu-item menu-item-type-post_type menu-item-object-page menu-item-1497\"><a href=\"https:\/\/rccgroup.vn\/kinh-doanh-bat-dong-san\/\" class=\"elementor-item\" tabindex=\"-1\">Real estate business<\/a><\/li>\n<li class=\"menu-item menu-item-type-post_type menu-item-object-page menu-item-3948\"><a href=\"https:\/\/rccgroup.vn\/dich-vu-luu-tru\/\" class=\"elementor-item\" tabindex=\"-1\">Accommodation service<\/a><\/li>\n<li class=\"menu-item menu-item-type-post_type menu-item-object-page menu-item-1496\"><a href=\"https:\/\/rccgroup.vn\/van-tai-duong-sat\/\" class=\"elementor-item\" tabindex=\"-1\">Railway transportation<\/a><\/li>\n<\/ul>\t\t\t<\/nav>\n\t\t\t\t<\/div>\n\t\t\t\t<\/div>\n\t\t\t\t\t\t<\/div>\n\t\t\t\t\t<\/div>\n\t\t<\/div>\n\t\t\t\t\t\t\t\t<\/div>\n\t\t\t\t\t<\/div>\n\t\t<\/section>\n\t\t\t\t<section class=\"elementor-section elementor-top-section elementor-element elementor-element-e5d325a elementor-section-boxed elementor-section-height-default elementor-section-height-default\" data-id=\"e5d325a\" data-element_type=\"section\">\n\t\t\t\t\t\t<div class=\"elementor-container elementor-column-gap-default\">\n\t\t\t\t\t\t\t<div class=\"elementor-row\">\n\t\t\t\t\t<div class=\"elementor-column elementor-col-33 elementor-top-column elementor-element elementor-element-191df3e\" data-id=\"191df3e\" data-element_type=\"column\">\n\t\t\t<div class=\"elementor-column-wrap elementor-element-populated\">\n\t\t\t\t\t\t\t<div class=\"elementor-widget-wrap\">\n\t\t\t\t\t\t<div class=\"elementor-element elementor-element-1d438eb elementor-widget elementor-widget-image\" data-id=\"1d438eb\" data-element_type=\"widget\" data-widget_type=\"image.default\">\n\t\t\t\t<div class=\"elementor-widget-container\">\n\t\t\t\t\t\t\t\t<div class=\"elementor-image\">\n\t\t\t\t\t\t\t\t\t\t\t\t<img decoding=\"async\" width=\"435\" height=\"498\" src=\"https:\/\/rccgroup.vn\/wp-content\/uploads\/2021\/11\/z2956514976666_a0a6e97e80c1f823a32132fb59b428d3.jpg\" class=\"attachment-medium_large size-medium_large wp-image-3782\" alt=\"\" loading=\"lazy\" srcset=\"https:\/\/rccgroup.vn\/wp-content\/uploads\/2021\/11\/z2956514976666_a0a6e97e80c1f823a32132fb59b428d3.jpg 435w, https:\/\/rccgroup.vn\/wp-content\/uploads\/2021\/11\/z2956514976666_a0a6e97e80c1f823a32132fb59b428d3-262x300.jpg 262w\" sizes=\"(max-width: 435px) 100vw, 435px\" \/>\t\t\t\t\t\t\t\t\t\t\t\t\t\t<\/div>\n\t\t\t\t\t\t<\/div>\n\t\t\t\t<\/div>\n\t\t\t\t\t\t<\/div>\n\t\t\t\t\t<\/div>\n\t\t<\/div>\n\t\t\t\t<div class=\"elementor-column elementor-col-66 elementor-top-column elementor-element elementor-element-e7db6a3\" data-id=\"e7db6a3\" data-element_type=\"column\">\n\t\t\t<div class=\"elementor-column-wrap elementor-element-populated\">\n\t\t\t\t\t\t\t<div class=\"elementor-widget-wrap\">\n\t\t\t\t\t\t<div class=\"elementor-element elementor-element-458b59d elementor-widget elementor-widget-text-editor\" data-id=\"458b59d\" data-element_type=\"widget\" data-widget_type=\"text-editor.default\">\n\t\t\t\t<div class=\"elementor-widget-container\">\n\t\t\t\t\t\t\t\t<div class=\"elementor-text-editor elementor-clearfix\">\n\t\t\t\t<p>With a network of member companies spread across the country, the RCC system has hundreds of thousands of square meters of office space, warehouses, and factories in prime locations, with low costs due to being established over the course of 48 years. develop. This is the premise to exploit and develop commercial and industrial real estate business.<\/p>\n<p>In addition to the facilities being used for production and business activities, RCC has planned and exploited real estate projects throughout the system and will supply products to the market in the near future.<\/p>\n\t\t\t\t\t<\/div>\n\t\t\t\t\t\t<\/div>\n\t\t\t\t<\/div>\n\t\t\t\t\t\t<\/div>\n\t\t\t\t\t<\/div>\n\t\t<\/div>\n\t\t\t\t\t\t\t\t<\/div>\n\t\t\t\t\t<\/div>\n\t\t<\/section>\n\t\t\t\t<section class=\"elementor-section elementor-top-section elementor-element elementor-element-dc2291a elementor-section-boxed elementor-section-height-default elementor-section-height-default\" data-id=\"dc2291a\" data-element_type=\"section\">\n\t\t\t\t\t\t<div class=\"elementor-container elementor-column-gap-default\">\n\t\t\t\t\t\t\t<div class=\"elementor-row\">\n\t\t\t\t\t<div class=\"elementor-column elementor-col-100 elementor-top-column elementor-element elementor-element-5f13ad3\" data-id=\"5f13ad3\" data-element_type=\"column\">\n\t\t\t<div class=\"elementor-column-wrap elementor-element-populated\">\n\t\t\t\t\t\t\t<div class=\"elementor-widget-wrap\">\n\t\t\t\t\t\t<div class=\"elementor-element elementor-element-55de8a1 elementor-widget elementor-widget-heading\" data-id=\"55de8a1\" data-element_type=\"widget\" data-widget_type=\"heading.default\">\n\t\t\t\t<div class=\"elementor-widget-container\">\n\t\t\t<h3 class=\"elementor-heading-title elementor-size-default\">I - RENTING OFFICE<\/h3>\t\t<\/div>\n\t\t\t\t<\/div>\n\t\t\t\t<div class=\"elementor-element elementor-element-be15eb8 elementor-widget elementor-widget-text-editor\" data-id=\"be15eb8\" data-element_type=\"widget\" data-widget_type=\"text-editor.default\">\n\t\t\t\t<div class=\"elementor-widget-container\">\n\t\t\t\t\t\t\t\t<div class=\"elementor-text-editor elementor-clearfix\">\n\t\t\t\t<p>The office building of the Railway Construction Corporation (RCC) is located at 33 Lang Ha Street, on Giang Vo &#8211; Lang Ha &#8211; Le Van Luong Street, the first office street in Hanoi with many office buildings, high-class apartments, conveniently connected to the North &#8211; South, East &#8211; West radial axes, the ring road, on the BRT bus axis and the urban metro line.<\/p>\n<p>With a variety of room sizes, from 17m\u00b2 to 113m\u00b2, customers will have many options to choose from.<\/p>\n<p>Applications:<\/p>\n<p>&#8211; Convenient parking for cars and motorbikes.<\/p>\n<p>&#8211; There is a hall when customers want to rent to organize meetings, meetings&#8230;<\/p>\n<p>With the Grade B office segment but Grade A location, along with many years of experience and reputation in office leasing, customers will certainly be satisfied when cooperating with RCC.<\/p>\n<p>Customers wishing to rent an office please contact:<\/p>\n<p>Joint Stock Company Railway Construction Corporation<\/p>\n<p>Address: No. 33 Lang Ha, Thanh Cong ward, Ba Dinh district, Hanoi.<\/p>\n<p>Tel: 0384774395 (Mr Duy) 0389917564 (Mrs Ha)<\/p>\n<p>We look forward to cooperating with you. Thank you very much.<\/p>\n\t\t\t\t\t<\/div>\n\t\t\t\t\t\t<\/div>\n\t\t\t\t<\/div>\n\t\t\t\t\t\t<\/div>\n\t\t\t\t\t<\/div>\n\t\t<\/div>\n\t\t\t\t\t\t\t\t<\/div>\n\t\t\t\t\t<\/div>\n\t\t<\/section>\n\t\t\t\t<section class=\"elementor-section elementor-top-section elementor-element elementor-element-0d0f22d elementor-section-boxed elementor-section-height-default elementor-section-height-default\" data-id=\"0d0f22d\" data-element_type=\"section\">\n\t\t\t\t\t\t<div class=\"elementor-container elementor-column-gap-default\">\n\t\t\t\t\t\t\t<div class=\"elementor-row\">\n\t\t\t\t\t<div class=\"elementor-column elementor-col-100 elementor-top-column elementor-element elementor-element-1033861\" data-id=\"1033861\" data-element_type=\"column\">\n\t\t\t<div class=\"elementor-column-wrap elementor-element-populated\">\n\t\t\t\t\t\t\t<div class=\"elementor-widget-wrap\">\n\t\t\t\t\t\t<div class=\"elementor-element elementor-element-bfe26d2 elementor-arrows-position-inside elementor-pagination-position-outside elementor-widget elementor-widget-image-carousel\" data-id=\"bfe26d2\" data-element_type=\"widget\" data-settings=\"{&quot;slides_to_show&quot;:&quot;1&quot;,&quot;navigation&quot;:&quot;both&quot;,&quot;autoplay&quot;:&quot;yes&quot;,&quot;pause_on_hover&quot;:&quot;yes&quot;,&quot;pause_on_interaction&quot;:&quot;yes&quot;,&quot;autoplay_speed&quot;:5000,&quot;infinite&quot;:&quot;yes&quot;,&quot;effect&quot;:&quot;slide&quot;,&quot;speed&quot;:500}\" data-widget_type=\"image-carousel.default\">\n\t\t\t\t<div class=\"elementor-widget-container\">\n\t\t\t\t\t<div class=\"elementor-image-carousel-wrapper swiper-container\" dir=\"ltr\">\n\t\t\t<div class=\"elementor-image-carousel swiper-wrapper\">\n\t\t\t\t\t\t\t\t<div class=\"swiper-slide\"><figure class=\"swiper-slide-inner\"><img decoding=\"async\" class=\"swiper-slide-image\" src=\"https:\/\/rccgroup.vn\/wp-content\/uploads\/2022\/03\/p0-724x1024.png\" alt=\"p0\" \/><\/figure><\/div><div class=\"swiper-slide\"><figure class=\"swiper-slide-inner\"><img decoding=\"async\" class=\"swiper-slide-image\" src=\"https:\/\/rccgroup.vn\/wp-content\/uploads\/2022\/03\/p1-724x1024.png\" alt=\"p1\" \/><\/figure><\/div><div class=\"swiper-slide\"><figure class=\"swiper-slide-inner\"><img decoding=\"async\" class=\"swiper-slide-image\" src=\"https:\/\/rccgroup.vn\/wp-content\/uploads\/2022\/03\/p2-724x1024.png\" alt=\"p2\" \/><\/figure><\/div><div class=\"swiper-slide\"><figure class=\"swiper-slide-inner\"><img decoding=\"async\" class=\"swiper-slide-image\" src=\"https:\/\/rccgroup.vn\/wp-content\/uploads\/2022\/03\/p3-724x1024.png\" alt=\"p3\" \/><\/figure><\/div><div class=\"swiper-slide\"><figure class=\"swiper-slide-inner\"><img decoding=\"async\" class=\"swiper-slide-image\" src=\"https:\/\/rccgroup.vn\/wp-content\/uploads\/2022\/03\/p4-724x1024.png\" alt=\"p4\" \/><\/figure><\/div><div class=\"swiper-slide\"><figure class=\"swiper-slide-inner\"><img decoding=\"async\" class=\"swiper-slide-image\" src=\"https:\/\/rccgroup.vn\/wp-content\/uploads\/2022\/03\/p5-724x1024.png\" alt=\"p5\" \/><\/figure><\/div><div class=\"swiper-slide\"><figure class=\"swiper-slide-inner\"><img decoding=\"async\" class=\"swiper-slide-image\" src=\"https:\/\/rccgroup.vn\/wp-content\/uploads\/2022\/03\/p6-724x1024.png\" alt=\"p6\" \/><\/figure><\/div><div class=\"swiper-slide\"><figure class=\"swiper-slide-inner\"><img decoding=\"async\" class=\"swiper-slide-image\" src=\"https:\/\/rccgroup.vn\/wp-content\/uploads\/2022\/03\/p7-724x1024.png\" alt=\"p7\" \/><\/figure><\/div><div class=\"swiper-slide\"><figure class=\"swiper-slide-inner\"><img decoding=\"async\" class=\"swiper-slide-image\" src=\"https:\/\/rccgroup.vn\/wp-content\/uploads\/2022\/03\/p8-724x1024.png\" alt=\"p8\" \/><\/figure><\/div>\t\t\t<\/div>\n\t\t\t\t\t\t\t\t\t\t\t\t<div class=\"swiper-pagination\"><\/div>\n\t\t\t\t\t\t\t\t\t\t\t\t\t<div class=\"elementor-swiper-button elementor-swiper-button-prev\" role=\"button\" tabindex=\"0\">\n\t\t\t\t\t\t<i aria-hidden=\"true\" class=\"eicon-chevron-left\"><\/i>\t\t\t\t\t\t<span class=\"elementor-screen-only\">Previous image<\/span>\n\t\t\t\t\t<\/div>\n\t\t\t\t\t<div class=\"elementor-swiper-button elementor-swiper-button-next\" role=\"button\" tabindex=\"0\">\n\t\t\t\t\t\t<i aria-hidden=\"true\" class=\"eicon-chevron-right\"><\/i>\t\t\t\t\t\t<span class=\"elementor-screen-only\">Next image<\/span>\n\t\t\t\t\t<\/div>\n\t\t\t\t\t\t\t\t\t<\/div>\n\t\t\t\t<\/div>\n\t\t\t\t<\/div>\n\t\t\t\t\t\t<\/div>\n\t\t\t\t\t<\/div>\n\t\t<\/div>\n\t\t\t\t\t\t\t\t<\/div>\n\t\t\t\t\t<\/div>\n\t\t<\/section>\n\t\t\t\t<section class=\"elementor-section elementor-top-section elementor-element elementor-element-80d3575 elementor-section-boxed elementor-section-height-default elementor-section-height-default\" data-id=\"80d3575\" data-element_type=\"section\">\n\t\t\t\t\t\t<div class=\"elementor-container elementor-column-gap-default\">\n\t\t\t\t\t\t\t<div class=\"elementor-row\">\n\t\t\t\t\t<div class=\"elementor-column elementor-col-100 elementor-top-column elementor-element elementor-element-778a0db\" data-id=\"778a0db\" data-element_type=\"column\">\n\t\t\t<div class=\"elementor-column-wrap elementor-element-populated\">\n\t\t\t\t\t\t\t<div class=\"elementor-widget-wrap\">\n\t\t\t\t\t\t<div class=\"elementor-element elementor-element-0db2e3f elementor-widget elementor-widget-heading\" data-id=\"0db2e3f\" data-element_type=\"widget\" data-widget_type=\"heading.default\">\n\t\t\t\t<div class=\"elementor-widget-container\">\n\t\t\t<h3 class=\"elementor-heading-title elementor-size-default\">II - RENTING WAREHOUSE, STORAGE<\/h3>\t\t<\/div>\n\t\t\t\t<\/div>\n\t\t\t\t\t\t<\/div>\n\t\t\t\t\t<\/div>\n\t\t<\/div>\n\t\t\t\t\t\t\t\t<\/div>\n\t\t\t\t\t<\/div>\n\t\t<\/section>\n\t\t\t\t\t\t\t\t\t<\/div>\n\t\t\t<\/div>\n\t\t\t\t\t<\/div>\n\t\t","protected":false},"excerpt":{"rendered":"<p>Real estate business With a network of member companies spread across the country, the RCC system has hundreds of thousands of square meters of office space, warehouses, and factories in prime locations, with low costs due to being established over the course of 48 years. develop. This is the premise to exploit and develop commercial [&hellip;]<\/p>\n","protected":false},"author":1,"featured_media":0,"parent":0,"menu_order":0,"comment_status":"closed","ping_status":"closed","template":"elementor_header_footer","meta":[],"acf":[],"yoast_head":"<!-- This site is optimized with the Yoast SEO plugin v20.8 - https:\/\/yoast.com\/wordpress\/plugins\/seo\/ -->\n<title>Real estate business - RCC<\/title>\n<meta name=\"robots\" content=\"index, follow, max-snippet:-1, max-image-preview:large, max-video-preview:-1\" \/>\n<link rel=\"canonical\" href=\"https:\/\/rccgroup.vn\/en\/real-estate-business\/\" \/>\n<meta property=\"og:locale\" content=\"en_US\" \/>\n<meta property=\"og:type\" content=\"article\" \/>\n<meta property=\"og:title\" content=\"Real estate business - RCC\" \/>\n<meta property=\"og:description\" content=\"Real estate business With a network of member companies spread across the country, the RCC system has hundreds of thousands of square meters of office space, warehouses, and factories in prime locations, with low costs due to being established over the course of 48 years. develop. This is the premise to exploit and develop commercial [&hellip;]\" \/>\n<meta property=\"og:url\" content=\"https:\/\/rccgroup.vn\/en\/real-estate-business\/\" \/>\n<meta property=\"og:site_name\" content=\"RCC\" \/>\n<meta property=\"article:modified_time\" content=\"2022-09-28T08:17:07+00:00\" \/>\n<meta property=\"og:image\" content=\"https:\/\/rccgroup.vn\/wp-content\/uploads\/2021\/11\/z2956514976666_a0a6e97e80c1f823a32132fb59b428d3.jpg\" \/>\n<meta name=\"twitter:card\" content=\"summary_large_image\" \/>\n<meta name=\"twitter:label1\" content=\"Est. reading time\" \/>\n\t<meta name=\"twitter:data1\" content=\"1 minute\" \/>\n<script type=\"application\/ld+json\" class=\"yoast-schema-graph\">{\"@context\":\"https:\/\/schema.org\",\"@graph\":[{\"@type\":\"WebPage\",\"@id\":\"https:\/\/rccgroup.vn\/en\/real-estate-business\/\",\"url\":\"https:\/\/rccgroup.vn\/en\/real-estate-business\/\",\"name\":\"Real estate business - RCC\",\"isPartOf\":{\"@id\":\"https:\/\/rccgroup.vn\/#website\"},\"datePublished\":\"2022-09-28T08:17:06+00:00\",\"dateModified\":\"2022-09-28T08:17:07+00:00\",\"breadcrumb\":{\"@id\":\"https:\/\/rccgroup.vn\/en\/real-estate-business\/#breadcrumb\"},\"inLanguage\":\"en-US\",\"potentialAction\":[{\"@type\":\"ReadAction\",\"target\":[\"https:\/\/rccgroup.vn\/en\/real-estate-business\/\"]}]},{\"@type\":\"BreadcrumbList\",\"@id\":\"https:\/\/rccgroup.vn\/en\/real-estate-business\/#breadcrumb\",\"itemListElement\":[{\"@type\":\"ListItem\",\"position\":1,\"name\":\"Trang ch\u1ee7\",\"item\":\"https:\/\/rccgroup.vn\/en\/\"},{\"@type\":\"ListItem\",\"position\":2,\"name\":\"Real estate business\"}]},{\"@type\":\"WebSite\",\"@id\":\"https:\/\/rccgroup.vn\/#website\",\"url\":\"https:\/\/rccgroup.vn\/\",\"name\":\"RCC\",\"description\":\"S\u1ed1 1 Vi\u1ec7t Nam v\u1ec1 C\u00f4ng tr\u00ecnh \u0110\u01b0\u1eddng s\u1eaft\",\"publisher\":{\"@id\":\"https:\/\/rccgroup.vn\/#organization\"},\"potentialAction\":[{\"@type\":\"SearchAction\",\"target\":{\"@type\":\"EntryPoint\",\"urlTemplate\":\"https:\/\/rccgroup.vn\/?s={search_term_string}\"},\"query-input\":\"required name=search_term_string\"}],\"inLanguage\":\"en-US\"},{\"@type\":\"Organization\",\"@id\":\"https:\/\/rccgroup.vn\/#organization\",\"name\":\"RCC\",\"url\":\"https:\/\/rccgroup.vn\/\",\"logo\":{\"@type\":\"ImageObject\",\"inLanguage\":\"en-US\",\"@id\":\"https:\/\/rccgroup.vn\/#\/schema\/logo\/image\/\",\"url\":\"https:\/\/rccgroup.vn\/wp-content\/uploads\/2021\/10\/logo.png\",\"contentUrl\":\"https:\/\/rccgroup.vn\/wp-content\/uploads\/2021\/10\/logo.png\",\"width\":156,\"height\":62,\"caption\":\"RCC\"},\"image\":{\"@id\":\"https:\/\/rccgroup.vn\/#\/schema\/logo\/image\/\"}}]}<\/script>\n<!-- \/ Yoast SEO plugin. -->","yoast_head_json":{"title":"Real estate business - RCC","robots":{"index":"index","follow":"follow","max-snippet":"max-snippet:-1","max-image-preview":"max-image-preview:large","max-video-preview":"max-video-preview:-1"},"canonical":"https:\/\/rccgroup.vn\/en\/real-estate-business\/","og_locale":"en_US","og_type":"article","og_title":"Real estate business - RCC","og_description":"Real estate business With a network of member companies spread across the country, the RCC system has hundreds of thousands of square meters of office space, warehouses, and factories in prime locations, with low costs due to being established over the course of 48 years. develop. This is the premise to exploit and develop commercial [&hellip;]","og_url":"https:\/\/rccgroup.vn\/en\/real-estate-business\/","og_site_name":"RCC","article_modified_time":"2022-09-28T08:17:07+00:00","og_image":[{"url":"https:\/\/rccgroup.vn\/wp-content\/uploads\/2021\/11\/z2956514976666_a0a6e97e80c1f823a32132fb59b428d3.jpg"}],"twitter_card":"summary_large_image","twitter_misc":{"Est. reading time":"1 minute"},"schema":{"@context":"https:\/\/schema.org","@graph":[{"@type":"WebPage","@id":"https:\/\/rccgroup.vn\/en\/real-estate-business\/","url":"https:\/\/rccgroup.vn\/en\/real-estate-business\/","name":"Real estate business - RCC","isPartOf":{"@id":"https:\/\/rccgroup.vn\/#website"},"datePublished":"2022-09-28T08:17:06+00:00","dateModified":"2022-09-28T08:17:07+00:00","breadcrumb":{"@id":"https:\/\/rccgroup.vn\/en\/real-estate-business\/#breadcrumb"},"inLanguage":"en-US","potentialAction":[{"@type":"ReadAction","target":["https:\/\/rccgroup.vn\/en\/real-estate-business\/"]}]},{"@type":"BreadcrumbList","@id":"https:\/\/rccgroup.vn\/en\/real-estate-business\/#breadcrumb","itemListElement":[{"@type":"ListItem","position":1,"name":"Trang ch\u1ee7","item":"https:\/\/rccgroup.vn\/en\/"},{"@type":"ListItem","position":2,"name":"Real estate business"}]},{"@type":"WebSite","@id":"https:\/\/rccgroup.vn\/#website","url":"https:\/\/rccgroup.vn\/","name":"RCC","description":"S\u1ed1 1 Vi\u1ec7t Nam v\u1ec1 C\u00f4ng tr\u00ecnh \u0110\u01b0\u1eddng s\u1eaft","publisher":{"@id":"https:\/\/rccgroup.vn\/#organization"},"potentialAction":[{"@type":"SearchAction","target":{"@type":"EntryPoint","urlTemplate":"https:\/\/rccgroup.vn\/?s={search_term_string}"},"query-input":"required name=search_term_string"}],"inLanguage":"en-US"},{"@type":"Organization","@id":"https:\/\/rccgroup.vn\/#organization","name":"RCC","url":"https:\/\/rccgroup.vn\/","logo":{"@type":"ImageObject","inLanguage":"en-US","@id":"https:\/\/rccgroup.vn\/#\/schema\/logo\/image\/","url":"https:\/\/rccgroup.vn\/wp-content\/uploads\/2021\/10\/logo.png","contentUrl":"https:\/\/rccgroup.vn\/wp-content\/uploads\/2021\/10\/logo.png","width":156,"height":62,"caption":"RCC"},"image":{"@id":"https:\/\/rccgroup.vn\/#\/schema\/logo\/image\/"}}]}},"_links":{"self":[{"href":"https:\/\/rccgroup.vn\/en\/wp-json\/wp\/v2\/pages\/4764"}],"collection":[{"href":"https:\/\/rccgroup.vn\/en\/wp-json\/wp\/v2\/pages"}],"about":[{"href":"https:\/\/rccgroup.vn\/en\/wp-json\/wp\/v2\/types\/page"}],"author":[{"embeddable":true,"href":"https:\/\/rccgroup.vn\/en\/wp-json\/wp\/v2\/users\/1"}],"replies":[{"embeddable":true,"href":"https:\/\/rccgroup.vn\/en\/wp-json\/wp\/v2\/comments?post=4764"}],"version-history":[{"count":0,"href":"https:\/\/rccgroup.vn\/en\/wp-json\/wp\/v2\/pages\/4764\/revisions"}],"wp:attachment":[{"href":"https:\/\/rccgroup.vn\/en\/wp-json\/wp\/v2\/media?parent=4764"}],"curies":[{"name":"wp","href":"https:\/\/api.w.org\/{rel}","templated":true}]}}