{"id":4756,"date":"2022-09-28T15:04:37","date_gmt":"2022-09-28T08:04:37","guid":{"rendered":"https:\/\/rccgroup.vn\/industrial-production\/"},"modified":"2022-09-28T15:05:00","modified_gmt":"2022-09-28T08:05:00","slug":"industrial-production","status":"publish","type":"page","link":"https:\/\/rccgroup.vn\/en\/industrial-production\/","title":{"rendered":"Industrial production"},"content":{"rendered":"\t\t<div data-elementor-type=\"wp-page\" data-elementor-id=\"4756\" class=\"elementor elementor-4756 elementor-1473\">\n\t\t\t\t\t\t<div class=\"elementor-inner\">\n\t\t\t\t<div class=\"elementor-section-wrap\">\n\t\t\t\t\t\t\t\t\t<section class=\"elementor-section elementor-top-section elementor-element elementor-element-49fd92f elementor-section-boxed elementor-section-height-default elementor-section-height-default\" data-id=\"49fd92f\" data-element_type=\"section\" data-settings=\"{&quot;background_background&quot;:&quot;classic&quot;}\">\n\t\t\t\t\t\t<div class=\"elementor-container elementor-column-gap-default\">\n\t\t\t\t\t\t\t<div class=\"elementor-row\">\n\t\t\t\t\t<div class=\"elementor-column elementor-col-100 elementor-top-column elementor-element elementor-element-937421b\" data-id=\"937421b\" data-element_type=\"column\">\n\t\t\t<div class=\"elementor-column-wrap elementor-element-populated\">\n\t\t\t\t\t\t\t<div class=\"elementor-widget-wrap\">\n\t\t\t\t\t\t<div class=\"elementor-element elementor-element-ec81fa6 elementor-widget elementor-widget-heading\" data-id=\"ec81fa6\" data-element_type=\"widget\" data-widget_type=\"heading.default\">\n\t\t\t\t<div class=\"elementor-widget-container\">\n\t\t\t<h1 class=\"elementor-heading-title elementor-size-default\">Industrial production<\/h1>\t\t<\/div>\n\t\t\t\t<\/div>\n\t\t\t\t\t\t<\/div>\n\t\t\t\t\t<\/div>\n\t\t<\/div>\n\t\t\t\t\t\t\t\t<\/div>\n\t\t\t\t\t<\/div>\n\t\t<\/section>\n\t\t\t\t<section class=\"elementor-section elementor-top-section elementor-element elementor-element-f85e80f elementor-hidden-tablet elementor-hidden-mobile elementor-section-boxed elementor-section-height-default elementor-section-height-default\" data-id=\"f85e80f\" data-element_type=\"section\" data-settings=\"{&quot;background_background&quot;:&quot;classic&quot;}\">\n\t\t\t\t\t\t<div class=\"elementor-container elementor-column-gap-no\">\n\t\t\t\t\t\t\t<div class=\"elementor-row\">\n\t\t\t\t\t<div class=\"elementor-column elementor-col-100 elementor-top-column elementor-element elementor-element-708b848\" data-id=\"708b848\" data-element_type=\"column\">\n\t\t\t<div class=\"elementor-column-wrap elementor-element-populated\">\n\t\t\t\t\t\t\t<div class=\"elementor-widget-wrap\">\n\t\t\t\t\t\t<div class=\"elementor-element elementor-element-447ccb9 elementor-nav-menu__align-justify elementor-nav-menu--dropdown-none elementor-widget elementor-widget-nav-menu\" data-id=\"447ccb9\" data-element_type=\"widget\" data-settings=\"{&quot;submenu_icon&quot;:{&quot;value&quot;:&quot;&lt;i class=\\&quot;\\&quot;&gt;&lt;\\\/i&gt;&quot;,&quot;library&quot;:&quot;&quot;},&quot;layout&quot;:&quot;horizontal&quot;}\" data-widget_type=\"nav-menu.default\">\n\t\t\t\t<div class=\"elementor-widget-container\">\n\t\t\t\t\t\t<nav class=\"elementor-nav-menu--main elementor-nav-menu__container elementor-nav-menu--layout-horizontal e--pointer-background e--animation-fade\">\n\t\t\t\t<ul id=\"menu-1-447ccb9\" class=\"elementor-nav-menu\"><li class=\"menu-item menu-item-type-post_type menu-item-object-page menu-item-1499\"><a href=\"https:\/\/rccgroup.vn\/xay-dung-cong-trinh\/\" class=\"elementor-item\">Construction works<\/a><\/li>\n<li class=\"menu-item menu-item-type-post_type menu-item-object-page menu-item-1498\"><a href=\"https:\/\/rccgroup.vn\/san-xuat-cong-nghiep\/\" class=\"elementor-item\">Industrial production<\/a><\/li>\n<li class=\"menu-item menu-item-type-post_type menu-item-object-page menu-item-1497\"><a href=\"https:\/\/rccgroup.vn\/kinh-doanh-bat-dong-san\/\" class=\"elementor-item\">Real estate business<\/a><\/li>\n<li class=\"menu-item menu-item-type-post_type menu-item-object-page menu-item-3948\"><a href=\"https:\/\/rccgroup.vn\/dich-vu-luu-tru\/\" class=\"elementor-item\">Accommodation service<\/a><\/li>\n<li class=\"menu-item menu-item-type-post_type menu-item-object-page menu-item-1496\"><a href=\"https:\/\/rccgroup.vn\/van-tai-duong-sat\/\" class=\"elementor-item\">Railway transportation<\/a><\/li>\n<\/ul>\t\t\t<\/nav>\n\t\t\t\t\t\t<nav class=\"elementor-nav-menu--dropdown elementor-nav-menu__container\" aria-hidden=\"true\">\n\t\t\t\t<ul id=\"menu-2-447ccb9\" class=\"elementor-nav-menu\"><li class=\"menu-item menu-item-type-post_type menu-item-object-page menu-item-1499\"><a href=\"https:\/\/rccgroup.vn\/xay-dung-cong-trinh\/\" class=\"elementor-item\" tabindex=\"-1\">Construction works<\/a><\/li>\n<li class=\"menu-item menu-item-type-post_type menu-item-object-page menu-item-1498\"><a href=\"https:\/\/rccgroup.vn\/san-xuat-cong-nghiep\/\" class=\"elementor-item\" tabindex=\"-1\">Industrial production<\/a><\/li>\n<li class=\"menu-item menu-item-type-post_type menu-item-object-page menu-item-1497\"><a href=\"https:\/\/rccgroup.vn\/kinh-doanh-bat-dong-san\/\" class=\"elementor-item\" tabindex=\"-1\">Real estate business<\/a><\/li>\n<li class=\"menu-item menu-item-type-post_type menu-item-object-page menu-item-3948\"><a href=\"https:\/\/rccgroup.vn\/dich-vu-luu-tru\/\" class=\"elementor-item\" tabindex=\"-1\">Accommodation service<\/a><\/li>\n<li class=\"menu-item menu-item-type-post_type menu-item-object-page menu-item-1496\"><a href=\"https:\/\/rccgroup.vn\/van-tai-duong-sat\/\" class=\"elementor-item\" tabindex=\"-1\">Railway transportation<\/a><\/li>\n<\/ul>\t\t\t<\/nav>\n\t\t\t\t<\/div>\n\t\t\t\t<\/div>\n\t\t\t\t\t\t<\/div>\n\t\t\t\t\t<\/div>\n\t\t<\/div>\n\t\t\t\t\t\t\t\t<\/div>\n\t\t\t\t\t<\/div>\n\t\t<\/section>\n\t\t\t\t<section class=\"elementor-section elementor-top-section elementor-element elementor-element-90b9fe1 elementor-section-boxed elementor-section-height-default elementor-section-height-default\" data-id=\"90b9fe1\" data-element_type=\"section\">\n\t\t\t\t\t\t<div class=\"elementor-container elementor-column-gap-default\">\n\t\t\t\t\t\t\t<div class=\"elementor-row\">\n\t\t\t\t\t<div class=\"elementor-column elementor-col-33 elementor-top-column elementor-element elementor-element-eb51810\" data-id=\"eb51810\" data-element_type=\"column\">\n\t\t\t<div class=\"elementor-column-wrap elementor-element-populated\">\n\t\t\t\t\t\t\t<div class=\"elementor-widget-wrap\">\n\t\t\t\t\t\t<div class=\"elementor-element elementor-element-010b9af elementor-widget elementor-widget-heading\" data-id=\"010b9af\" data-element_type=\"widget\" data-widget_type=\"heading.default\">\n\t\t\t\t<div class=\"elementor-widget-container\">\n\t\t\t<h2 class=\"elementor-heading-title elementor-size-default\">Introduce<\/h2>\t\t<\/div>\n\t\t\t\t<\/div>\n\t\t\t\t\t\t<\/div>\n\t\t\t\t\t<\/div>\n\t\t<\/div>\n\t\t\t\t<div class=\"elementor-column elementor-col-66 elementor-top-column elementor-element elementor-element-c05ec65\" data-id=\"c05ec65\" data-element_type=\"column\">\n\t\t\t<div class=\"elementor-column-wrap elementor-element-populated\">\n\t\t\t\t\t\t\t<div class=\"elementor-widget-wrap\">\n\t\t\t\t\t\t<div class=\"elementor-element elementor-element-846b5a8 elementor-widget elementor-widget-text-editor\" data-id=\"846b5a8\" data-element_type=\"widget\" data-widget_type=\"text-editor.default\">\n\t\t\t\t<div class=\"elementor-widget-container\">\n\t\t\t\t\t\t\t\t<div class=\"elementor-text-editor elementor-clearfix\">\n\t\t\t\t<p>The Corporation and its member companies are engaged in manufacturing industrial products for railway industry as well as supplying products for construction and traffic works such as railway bridges and iron structures. steel, sleepers, precast concrete products, railway stone, road stone and construction stone.<\/p>\n<p>In addition to providing products to serve the needs of the domestic market, the Corporation plans to find export markets for industrial products.<\/p>\n\t\t\t\t\t<\/div>\n\t\t\t\t\t\t<\/div>\n\t\t\t\t<\/div>\n\t\t\t\t\t\t<\/div>\n\t\t\t\t\t<\/div>\n\t\t<\/div>\n\t\t\t\t\t\t\t\t<\/div>\n\t\t\t\t\t<\/div>\n\t\t<\/section>\n\t\t\t\t<section class=\"elementor-section elementor-top-section elementor-element elementor-element-f5d334c elementor-section-boxed elementor-section-height-default elementor-section-height-default\" data-id=\"f5d334c\" data-element_type=\"section\">\n\t\t\t\t\t\t<div class=\"elementor-container elementor-column-gap-default\">\n\t\t\t\t\t\t\t<div class=\"elementor-row\">\n\t\t\t\t\t<div class=\"elementor-column elementor-col-33 elementor-top-column elementor-element elementor-element-312080a\" data-id=\"312080a\" data-element_type=\"column\">\n\t\t\t<div class=\"elementor-column-wrap elementor-element-populated\">\n\t\t\t\t\t\t\t<div class=\"elementor-widget-wrap\">\n\t\t\t\t\t\t<div class=\"elementor-element elementor-element-5729af2 elementor-widget elementor-widget-heading\" data-id=\"5729af2\" data-element_type=\"widget\" data-widget_type=\"heading.default\">\n\t\t\t\t<div class=\"elementor-widget-container\">\n\t\t\t<h2 class=\"elementor-heading-title elementor-size-default\">Details<\/h2>\t\t<\/div>\n\t\t\t\t<\/div>\n\t\t\t\t\t\t<\/div>\n\t\t\t\t\t<\/div>\n\t\t<\/div>\n\t\t\t\t<div class=\"elementor-column elementor-col-66 elementor-top-column elementor-element elementor-element-ba618fb\" data-id=\"ba618fb\" data-element_type=\"column\">\n\t\t\t<div class=\"elementor-column-wrap\">\n\t\t\t\t\t\t\t<div class=\"elementor-widget-wrap\">\n\t\t\t\t\t\t\t\t<\/div>\n\t\t\t\t\t<\/div>\n\t\t<\/div>\n\t\t\t\t\t\t\t\t<\/div>\n\t\t\t\t\t<\/div>\n\t\t<\/section>\n\t\t\t\t\t\t\t\t\t<\/div>\n\t\t\t<\/div>\n\t\t\t\t\t<\/div>\n\t\t","protected":false},"excerpt":{"rendered":"<p>Industrial production Introduce The Corporation and its member companies are engaged in manufacturing industrial products for railway industry as well as supplying products for construction and traffic works such as railway bridges and iron structures. steel, sleepers, precast concrete products, railway stone, road stone and construction stone. In addition to providing products to serve the [&hellip;]<\/p>\n","protected":false},"author":1,"featured_media":0,"parent":0,"menu_order":0,"comment_status":"closed","ping_status":"closed","template":"elementor_header_footer","meta":[],"acf":[],"yoast_head":"<!-- This site is optimized with the Yoast SEO plugin v20.8 - https:\/\/yoast.com\/wordpress\/plugins\/seo\/ -->\n<title>Industrial production - RCC<\/title>\n<meta name=\"robots\" content=\"index, follow, max-snippet:-1, max-image-preview:large, max-video-preview:-1\" \/>\n<link rel=\"canonical\" href=\"https:\/\/rccgroup.vn\/en\/industrial-production\/\" \/>\n<meta property=\"og:locale\" content=\"en_US\" \/>\n<meta property=\"og:type\" content=\"article\" \/>\n<meta property=\"og:title\" content=\"Industrial production - RCC\" \/>\n<meta property=\"og:description\" content=\"Industrial production Introduce The Corporation and its member companies are engaged in manufacturing industrial products for railway industry as well as supplying products for construction and traffic works such as railway bridges and iron structures. steel, sleepers, precast concrete products, railway stone, road stone and construction stone. In addition to providing products to serve the [&hellip;]\" \/>\n<meta property=\"og:url\" content=\"https:\/\/rccgroup.vn\/en\/industrial-production\/\" \/>\n<meta property=\"og:site_name\" content=\"RCC\" \/>\n<meta property=\"article:modified_time\" content=\"2022-09-28T08:05:00+00:00\" \/>\n<meta property=\"og:image\" content=\"https:\/\/rccgroup.vn\/wp-content\/uploads\/2021\/10\/logo.png\" \/>\n\t<meta property=\"og:image:width\" content=\"156\" \/>\n\t<meta property=\"og:image:height\" content=\"62\" \/>\n\t<meta property=\"og:image:type\" content=\"image\/png\" \/>\n<meta name=\"twitter:card\" content=\"summary_large_image\" \/>\n<script type=\"application\/ld+json\" class=\"yoast-schema-graph\">{\"@context\":\"https:\/\/schema.org\",\"@graph\":[{\"@type\":\"WebPage\",\"@id\":\"https:\/\/rccgroup.vn\/en\/industrial-production\/\",\"url\":\"https:\/\/rccgroup.vn\/en\/industrial-production\/\",\"name\":\"Industrial production - RCC\",\"isPartOf\":{\"@id\":\"https:\/\/rccgroup.vn\/#website\"},\"datePublished\":\"2022-09-28T08:04:37+00:00\",\"dateModified\":\"2022-09-28T08:05:00+00:00\",\"breadcrumb\":{\"@id\":\"https:\/\/rccgroup.vn\/en\/industrial-production\/#breadcrumb\"},\"inLanguage\":\"en-US\",\"potentialAction\":[{\"@type\":\"ReadAction\",\"target\":[\"https:\/\/rccgroup.vn\/en\/industrial-production\/\"]}]},{\"@type\":\"BreadcrumbList\",\"@id\":\"https:\/\/rccgroup.vn\/en\/industrial-production\/#breadcrumb\",\"itemListElement\":[{\"@type\":\"ListItem\",\"position\":1,\"name\":\"Trang ch\u1ee7\",\"item\":\"https:\/\/rccgroup.vn\/en\/\"},{\"@type\":\"ListItem\",\"position\":2,\"name\":\"Industrial production\"}]},{\"@type\":\"WebSite\",\"@id\":\"https:\/\/rccgroup.vn\/#website\",\"url\":\"https:\/\/rccgroup.vn\/\",\"name\":\"RCC\",\"description\":\"S\u1ed1 1 Vi\u1ec7t Nam v\u1ec1 C\u00f4ng tr\u00ecnh \u0110\u01b0\u1eddng s\u1eaft\",\"publisher\":{\"@id\":\"https:\/\/rccgroup.vn\/#organization\"},\"potentialAction\":[{\"@type\":\"SearchAction\",\"target\":{\"@type\":\"EntryPoint\",\"urlTemplate\":\"https:\/\/rccgroup.vn\/?s={search_term_string}\"},\"query-input\":\"required name=search_term_string\"}],\"inLanguage\":\"en-US\"},{\"@type\":\"Organization\",\"@id\":\"https:\/\/rccgroup.vn\/#organization\",\"name\":\"RCC\",\"url\":\"https:\/\/rccgroup.vn\/\",\"logo\":{\"@type\":\"ImageObject\",\"inLanguage\":\"en-US\",\"@id\":\"https:\/\/rccgroup.vn\/#\/schema\/logo\/image\/\",\"url\":\"https:\/\/rccgroup.vn\/wp-content\/uploads\/2021\/10\/logo.png\",\"contentUrl\":\"https:\/\/rccgroup.vn\/wp-content\/uploads\/2021\/10\/logo.png\",\"width\":156,\"height\":62,\"caption\":\"RCC\"},\"image\":{\"@id\":\"https:\/\/rccgroup.vn\/#\/schema\/logo\/image\/\"}}]}<\/script>\n<!-- \/ Yoast SEO plugin. -->","yoast_head_json":{"title":"Industrial production - RCC","robots":{"index":"index","follow":"follow","max-snippet":"max-snippet:-1","max-image-preview":"max-image-preview:large","max-video-preview":"max-video-preview:-1"},"canonical":"https:\/\/rccgroup.vn\/en\/industrial-production\/","og_locale":"en_US","og_type":"article","og_title":"Industrial production - RCC","og_description":"Industrial production Introduce The Corporation and its member companies are engaged in manufacturing industrial products for railway industry as well as supplying products for construction and traffic works such as railway bridges and iron structures. steel, sleepers, precast concrete products, railway stone, road stone and construction stone. In addition to providing products to serve the [&hellip;]","og_url":"https:\/\/rccgroup.vn\/en\/industrial-production\/","og_site_name":"RCC","article_modified_time":"2022-09-28T08:05:00+00:00","og_image":[{"width":156,"height":62,"url":"https:\/\/rccgroup.vn\/wp-content\/uploads\/2021\/10\/logo.png","type":"image\/png"}],"twitter_card":"summary_large_image","schema":{"@context":"https:\/\/schema.org","@graph":[{"@type":"WebPage","@id":"https:\/\/rccgroup.vn\/en\/industrial-production\/","url":"https:\/\/rccgroup.vn\/en\/industrial-production\/","name":"Industrial production - RCC","isPartOf":{"@id":"https:\/\/rccgroup.vn\/#website"},"datePublished":"2022-09-28T08:04:37+00:00","dateModified":"2022-09-28T08:05:00+00:00","breadcrumb":{"@id":"https:\/\/rccgroup.vn\/en\/industrial-production\/#breadcrumb"},"inLanguage":"en-US","potentialAction":[{"@type":"ReadAction","target":["https:\/\/rccgroup.vn\/en\/industrial-production\/"]}]},{"@type":"BreadcrumbList","@id":"https:\/\/rccgroup.vn\/en\/industrial-production\/#breadcrumb","itemListElement":[{"@type":"ListItem","position":1,"name":"Trang ch\u1ee7","item":"https:\/\/rccgroup.vn\/en\/"},{"@type":"ListItem","position":2,"name":"Industrial production"}]},{"@type":"WebSite","@id":"https:\/\/rccgroup.vn\/#website","url":"https:\/\/rccgroup.vn\/","name":"RCC","description":"S\u1ed1 1 Vi\u1ec7t Nam v\u1ec1 C\u00f4ng tr\u00ecnh \u0110\u01b0\u1eddng s\u1eaft","publisher":{"@id":"https:\/\/rccgroup.vn\/#organization"},"potentialAction":[{"@type":"SearchAction","target":{"@type":"EntryPoint","urlTemplate":"https:\/\/rccgroup.vn\/?s={search_term_string}"},"query-input":"required name=search_term_string"}],"inLanguage":"en-US"},{"@type":"Organization","@id":"https:\/\/rccgroup.vn\/#organization","name":"RCC","url":"https:\/\/rccgroup.vn\/","logo":{"@type":"ImageObject","inLanguage":"en-US","@id":"https:\/\/rccgroup.vn\/#\/schema\/logo\/image\/","url":"https:\/\/rccgroup.vn\/wp-content\/uploads\/2021\/10\/logo.png","contentUrl":"https:\/\/rccgroup.vn\/wp-content\/uploads\/2021\/10\/logo.png","width":156,"height":62,"caption":"RCC"},"image":{"@id":"https:\/\/rccgroup.vn\/#\/schema\/logo\/image\/"}}]}},"_links":{"self":[{"href":"https:\/\/rccgroup.vn\/en\/wp-json\/wp\/v2\/pages\/4756"}],"collection":[{"href":"https:\/\/rccgroup.vn\/en\/wp-json\/wp\/v2\/pages"}],"about":[{"href":"https:\/\/rccgroup.vn\/en\/wp-json\/wp\/v2\/types\/page"}],"author":[{"embeddable":true,"href":"https:\/\/rccgroup.vn\/en\/wp-json\/wp\/v2\/users\/1"}],"replies":[{"embeddable":true,"href":"https:\/\/rccgroup.vn\/en\/wp-json\/wp\/v2\/comments?post=4756"}],"version-history":[{"count":0,"href":"https:\/\/rccgroup.vn\/en\/wp-json\/wp\/v2\/pages\/4756\/revisions"}],"wp:attachment":[{"href":"https:\/\/rccgroup.vn\/en\/wp-json\/wp\/v2\/media?parent=4756"}],"curies":[{"name":"wp","href":"https:\/\/api.w.org\/{rel}","templated":true}]}}